{"id":2503,"date":"2025-09-17T12:52:41","date_gmt":"2025-09-17T10:52:41","guid":{"rendered":"https:\/\/moe-industries.com\/?page_id=2503"},"modified":"2025-09-17T14:06:19","modified_gmt":"2025-09-17T12:06:19","slug":"instalacje-mechaniczne","status":"publish","type":"page","link":"https:\/\/moe-industries.com\/pl_pl\/uslugi\/instalacje-mechaniczne\/","title":{"rendered":"Instalacje mechaniczne"},"content":{"rendered":"\t\t<div data-elementor-type=\"wp-page\" data-elementor-id=\"2503\" class=\"elementor elementor-2503\" data-elementor-post-type=\"page\">\n\t\t\t\t<div class=\"elementor-element elementor-element-87baa17 e-flex e-con-boxed e-con e-parent\" data-id=\"87baa17\" data-element_type=\"container\" data-e-type=\"container\" data-settings=\"{&quot;background_background&quot;:&quot;video&quot;,&quot;background_video_link&quot;:&quot;https:\\\/\\\/moe-industries.com\\\/wp-content\\\/uploads\\\/2025\\\/09\\\/5015710_Tire_Factory_1280x720.mp4&quot;,&quot;background_play_on_mobile&quot;:&quot;yes&quot;}\">\n\t\t\t\t\t<div class=\"e-con-inner\">\n\t\t<div class=\"elementor-background-video-container\">\n\t\t\t\t\t\t\t<video class=\"elementor-background-video-hosted\" role=\"presentation\" autoplay muted playsinline loop><\/video>\n\t\t\t\t\t<\/div><div class=\"elementor-element elementor-element-6d9320c e-con-full e-flex e-con e-child\" data-id=\"6d9320c\" data-element_type=\"container\" data-e-type=\"container\">\n\t\t\t\t<div class=\"elementor-element elementor-element-610e3b1 elementor-widget elementor-widget-spacer\" data-id=\"610e3b1\" data-element_type=\"widget\" data-e-type=\"widget\" data-widget_type=\"spacer.default\">\n\t\t\t\t<div class=\"elementor-widget-container\">\n\t\t\t\t\t\t\t<div class=\"elementor-spacer\">\n\t\t\t<div class=\"elementor-spacer-inner\"><\/div>\n\t\t<\/div>\n\t\t\t\t\t\t<\/div>\n\t\t\t\t<\/div>\n\t\t\t\t<div class=\"elementor-element elementor-element-2a5d65b elementor-widget elementor-widget-hfe-breadcrumbs-widget\" data-id=\"2a5d65b\" data-element_type=\"widget\" data-e-type=\"widget\" data-widget_type=\"hfe-breadcrumbs-widget.default\">\n\t\t\t\t<div class=\"elementor-widget-container\">\n\t\t\t\t\t<nav aria-label=\"Breadcrumb\"><ul class=\"hfe-breadcrumbs hfe-breadcrumbs-show-home\"><li class=\"hfe-breadcrumbs-item hfe-breadcrumbs-first\"><span class=\"hfe-breadcrumbs-home-icon\"><\/span><a href=\"https:\/\/moe-industries.com\/pl_pl\"><span class=\"hfe-breadcrumbs-text\">Strona g\u0142\u00f3wna<\/span><\/a><\/li><\/ul><\/nav>\t\t\t\t<\/div>\n\t\t\t\t<\/div>\n\t\t\t\t<\/div>\n\t\t\t\t\t<\/div>\n\t\t\t\t<\/div>\n\t\t<div class=\"elementor-element elementor-element-85faf37 e-flex e-con-boxed e-con e-parent\" data-id=\"85faf37\" data-element_type=\"container\" data-e-type=\"container\" data-settings=\"{&quot;background_background&quot;:&quot;classic&quot;}\">\n\t\t\t\t\t<div class=\"e-con-inner\">\n\t\t<div class=\"elementor-element elementor-element-3b53355 e-con-full e-flex e-con e-child\" data-id=\"3b53355\" data-element_type=\"container\" data-e-type=\"container\">\n\t\t<div class=\"elementor-element elementor-element-df2626c e-con-full e-flex e-con e-child\" data-id=\"df2626c\" data-element_type=\"container\" data-e-type=\"container\">\n\t\t<div class=\"elementor-element elementor-element-6220c50 e-con-full e-flex e-con e-child\" data-id=\"6220c50\" data-element_type=\"container\" data-e-type=\"container\">\n\t\t\t\t<div class=\"elementor-element elementor-element-5912abc elementor-widget-divider--view-line elementor-widget elementor-widget-divider\" data-id=\"5912abc\" data-element_type=\"widget\" data-e-type=\"widget\" data-widget_type=\"divider.default\">\n\t\t\t\t<div class=\"elementor-widget-container\">\n\t\t\t\t\t\t\t<div class=\"elementor-divider\">\n\t\t\t<span class=\"elementor-divider-separator\">\n\t\t\t\t\t\t<\/span>\n\t\t<\/div>\n\t\t\t\t\t\t<\/div>\n\t\t\t\t<\/div>\n\t\t\t\t<\/div>\n\t\t<div class=\"elementor-element elementor-element-5c9006c e-con-full e-flex e-con e-child\" data-id=\"5c9006c\" data-element_type=\"container\" data-e-type=\"container\">\n\t\t\t\t<div class=\"elementor-element elementor-element-2e64b85 elementor-widget elementor-widget-heading\" data-id=\"2e64b85\" data-element_type=\"widget\" data-e-type=\"widget\" data-widget_type=\"heading.default\">\n\t\t\t\t<div class=\"elementor-widget-container\">\n\t\t\t\t\t<span class=\"elementor-heading-title elementor-size-default\">us\u0142ugi<\/span>\t\t\t\t<\/div>\n\t\t\t\t<\/div>\n\t\t\t\t<\/div>\n\t\t\t\t<\/div>\n\t\t\t\t<div class=\"elementor-element elementor-element-285648b elementor-widget elementor-widget-heading\" data-id=\"285648b\" data-element_type=\"widget\" data-e-type=\"widget\" data-widget_type=\"heading.default\">\n\t\t\t\t<div class=\"elementor-widget-container\">\n\t\t\t\t\t<h2 class=\"elementor-heading-title elementor-size-default\">Mechanika, kt\u00f3ra nap\u0119dza przemys\u0142<\/h2>\t\t\t\t<\/div>\n\t\t\t\t<\/div>\n\t\t\t\t<div class=\"elementor-element elementor-element-244d5e4 elementor-widget elementor-widget-text-editor\" data-id=\"244d5e4\" data-element_type=\"widget\" data-e-type=\"widget\" data-widget_type=\"text-editor.default\">\n\t\t\t\t<div class=\"elementor-widget-container\">\n\t\t\t\t\t\t\t\t\t<p>Ka\u017cdy projekt realizujemy z najwy\u017csz\u0105 precyzj\u0105 i dba\u0142o\u015bci\u0105 o szczeg\u00f3\u0142y, aby zapewni\u0107 maksymaln\u0105 efektywno\u015b\u0107 i bezpiecze\u0144stwo. Dzi\u0119ki do\u015bwiadczeniu naszych specjalist\u00f3w wspieramy zar\u00f3wno nowe inwestycje, jak i modernizacje istniej\u0105cych zak\u0142ad\u00f3w, zawsze dostarczaj\u0105c rozwi\u0105zania dopasowane do potrzeb klienta.<\/p>\t\t\t\t\t\t\t\t<\/div>\n\t\t\t\t<\/div>\n\t\t\t\t<div class=\"elementor-element elementor-element-427fa49 elementor-widget elementor-widget-button\" data-id=\"427fa49\" data-element_type=\"widget\" data-e-type=\"widget\" data-widget_type=\"button.default\">\n\t\t\t\t<div class=\"elementor-widget-container\">\n\t\t\t\t\t\t\t\t\t<div class=\"elementor-button-wrapper\">\n\t\t\t\t\t<a class=\"elementor-button elementor-button-link elementor-size-md\" href=\"https:\/\/moe-industries.com\/kontakt\/\">\n\t\t\t\t\t\t<span class=\"elementor-button-content-wrapper\">\n\t\t\t\t\t\t\t\t\t<span class=\"elementor-button-text\">Skontaktuj si\u0119 z nami<\/span>\n\t\t\t\t\t<\/span>\n\t\t\t\t\t<\/a>\n\t\t\t\t<\/div>\n\t\t\t\t\t\t\t\t<\/div>\n\t\t\t\t<\/div>\n\t\t\t\t<\/div>\n\t\t<div class=\"elementor-element elementor-element-10c790e e-con-full e-flex e-con e-child\" data-id=\"10c790e\" data-element_type=\"container\" data-e-type=\"container\">\n\t\t\t\t<div class=\"elementor-element elementor-element-419a082 elementor-invisible elementor-widget elementor-widget-image\" data-id=\"419a082\" data-element_type=\"widget\" data-e-type=\"widget\" data-settings=\"{&quot;_animation&quot;:&quot;fadeInLeft&quot;}\" data-widget_type=\"image.default\">\n\t\t\t\t<div class=\"elementor-widget-container\">\n\t\t\t\t\t\t\t\t\t\t\t\t\t\t\t<img fetchpriority=\"high\" decoding=\"async\" width=\"768\" height=\"512\" src=\"https:\/\/moe-industries.com\/wp-content\/uploads\/2025\/09\/524-768x512.jpg\" class=\"attachment-medium_large size-medium_large wp-image-2517\" alt=\"Instalacje mechaniczne\" srcset=\"https:\/\/moe-industries.com\/wp-content\/uploads\/2025\/09\/524-768x512.jpg 768w, https:\/\/moe-industries.com\/wp-content\/uploads\/2025\/09\/524-600x400.jpg 600w, https:\/\/moe-industries.com\/wp-content\/uploads\/2025\/09\/524-300x200.jpg 300w, https:\/\/moe-industries.com\/wp-content\/uploads\/2025\/09\/524-1024x683.jpg 1024w, https:\/\/moe-industries.com\/wp-content\/uploads\/2025\/09\/524.jpg 1500w\" sizes=\"(max-width: 768px) 100vw, 768px\" \/>\t\t\t\t\t\t\t\t\t\t\t\t\t\t\t<\/div>\n\t\t\t\t<\/div>\n\t\t\t\t<\/div>\n\t\t\t\t\t<\/div>\n\t\t\t\t<\/div>\n\t\t<div class=\"elementor-element elementor-element-1958692 e-flex e-con-boxed e-con e-parent\" data-id=\"1958692\" data-element_type=\"container\" data-e-type=\"container\" data-settings=\"{&quot;background_background&quot;:&quot;classic&quot;}\">\n\t\t\t\t\t<div class=\"e-con-inner\">\n\t\t<div class=\"elementor-element elementor-element-417d5d5 e-con-full e-flex e-con e-child\" data-id=\"417d5d5\" data-element_type=\"container\" data-e-type=\"container\">\n\t\t\t\t<div class=\"elementor-element elementor-element-5e11560 elementor-widget-divider--view-line elementor-widget elementor-widget-divider\" data-id=\"5e11560\" data-element_type=\"widget\" data-e-type=\"widget\" data-widget_type=\"divider.default\">\n\t\t\t\t<div class=\"elementor-widget-container\">\n\t\t\t\t\t\t\t<div class=\"elementor-divider\">\n\t\t\t<span class=\"elementor-divider-separator\">\n\t\t\t\t\t\t<\/span>\n\t\t<\/div>\n\t\t\t\t\t\t<\/div>\n\t\t\t\t<\/div>\n\t\t\t\t<div class=\"elementor-element elementor-element-706dd6d elementor-widget elementor-widget-heading\" data-id=\"706dd6d\" data-element_type=\"widget\" data-e-type=\"widget\" data-widget_type=\"heading.default\">\n\t\t\t\t<div class=\"elementor-widget-container\">\n\t\t\t\t\t<h2 class=\"elementor-heading-title elementor-size-default\">Instalacje mechaniczne bez kompromis\u00f3w<\/h2>\t\t\t\t<\/div>\n\t\t\t\t<\/div>\n\t\t\t\t<div class=\"elementor-element elementor-element-949d0d7 elementor-widget elementor-widget-text-editor\" data-id=\"949d0d7\" data-element_type=\"widget\" data-e-type=\"widget\" data-widget_type=\"text-editor.default\">\n\t\t\t\t<div class=\"elementor-widget-container\">\n\t\t\t\t\t\t\t\t\t<p><span style=\"font-weight: 400;\">Instalacje mechaniczne w \u015brodowisku przemys\u0142owym to nie tylko monta\u017c urz\u0105dze\u0144, ale kompleksowe dzia\u0142ania zwi\u0105zane z przygotowaniem i uruchomieniem ca\u0142ych proces\u00f3w technologicznych. Ich rol\u0105 jest zapewnienie, aby maszyny, linie produkcyjne oraz systemy intralogistyczne dzia\u0142a\u0142y w spos\u00f3b bezpieczny, wydajny i zgodny z wymaganiami dostawc\u00f3w technologii oraz u\u017cytkownik\u00f3w ko\u0144cowych.<\/span><\/p>\t\t\t\t\t\t\t\t<\/div>\n\t\t\t\t<\/div>\n\t\t\t\t<div class=\"elementor-element elementor-element-0d40d8e elementor-widget elementor-widget-accordion\" data-id=\"0d40d8e\" data-element_type=\"widget\" data-e-type=\"widget\" data-widget_type=\"accordion.default\">\n\t\t\t\t<div class=\"elementor-widget-container\">\n\t\t\t\t\t\t\t<div class=\"elementor-accordion\">\n\t\t\t\t\t\t\t<div class=\"elementor-accordion-item\">\n\t\t\t\t\t<div id=\"elementor-tab-title-1381\" class=\"elementor-tab-title\" data-tab=\"1\" role=\"button\" aria-controls=\"elementor-tab-content-1381\" aria-expanded=\"false\">\n\t\t\t\t\t\t\t\t\t\t\t\t\t<span class=\"elementor-accordion-icon elementor-accordion-icon-left\" aria-hidden=\"true\">\n\t\t\t\t\t\t\t\t\t\t\t\t\t\t\t<span class=\"elementor-accordion-icon-closed\"><i class=\"fas fa-angle-right\"><\/i><\/span>\n\t\t\t\t\t\t\t\t<span class=\"elementor-accordion-icon-opened\"><i class=\"fas fa-angle-down\"><\/i><\/span>\n\t\t\t\t\t\t\t\t\t\t\t\t\t\t<\/span>\n\t\t\t\t\t\t\t\t\t\t\t\t<a class=\"elementor-accordion-title\" tabindex=\"0\">Instalacje linii technologicznych dla dostawc\u00f3w technologii<\/a>\n\t\t\t\t\t<\/div>\n\t\t\t\t\t<div id=\"elementor-tab-content-1381\" class=\"elementor-tab-content elementor-clearfix\" data-tab=\"1\" role=\"region\" aria-labelledby=\"elementor-tab-title-1381\"><p><span style=\"font-weight: 400;\">Wdra\u017camy kompletne linie produkcyjne, obejmuj\u0105ce monta\u017c maszyn, urz\u0105dze\u0144 i konstrukcji wsporczych zgodnie z wytycznymi producent\u00f3w. Realizujemy instalacje \u201epod klucz\u201d, kt\u00f3re pozwalaj\u0105 dostawcom technologii szybko i sprawnie uruchomi\u0107 swoje rozwi\u0105zania u klienta ko\u0144cowego.<\/span><\/p><\/div>\n\t\t\t\t<\/div>\n\t\t\t\t\t\t\t<div class=\"elementor-accordion-item\">\n\t\t\t\t\t<div id=\"elementor-tab-title-1382\" class=\"elementor-tab-title\" data-tab=\"2\" role=\"button\" aria-controls=\"elementor-tab-content-1382\" aria-expanded=\"false\">\n\t\t\t\t\t\t\t\t\t\t\t\t\t<span class=\"elementor-accordion-icon elementor-accordion-icon-left\" aria-hidden=\"true\">\n\t\t\t\t\t\t\t\t\t\t\t\t\t\t\t<span class=\"elementor-accordion-icon-closed\"><i class=\"fas fa-angle-right\"><\/i><\/span>\n\t\t\t\t\t\t\t\t<span class=\"elementor-accordion-icon-opened\"><i class=\"fas fa-angle-down\"><\/i><\/span>\n\t\t\t\t\t\t\t\t\t\t\t\t\t\t<\/span>\n\t\t\t\t\t\t\t\t\t\t\t\t<a class=\"elementor-accordion-title\" tabindex=\"0\">Relokacje maszyn i urz\u0105dze\u0144 przemys\u0142owych<\/a>\n\t\t\t\t\t<\/div>\n\t\t\t\t\t<div id=\"elementor-tab-content-1382\" class=\"elementor-tab-content elementor-clearfix\" data-tab=\"2\" role=\"region\" aria-labelledby=\"elementor-tab-title-1382\"><p>Specjalizujemy si\u0119 w przenoszeniu pojedynczych maszyn, ca\u0142ych ci\u0105g\u00f3w produkcyjnych oraz z\u0142o\u017conych instalacji przemys\u0142owych. Oferujemy demonta\u017c, transport, ponowny monta\u017c i uruchomienie z pe\u0142nym zachowaniem bezpiecze\u0144stwa oraz minimalizacj\u0105 przestoj\u00f3w produkcyjnych.<\/p><\/div>\n\t\t\t\t<\/div>\n\t\t\t\t\t\t\t<div class=\"elementor-accordion-item\">\n\t\t\t\t\t<div id=\"elementor-tab-title-1383\" class=\"elementor-tab-title\" data-tab=\"3\" role=\"button\" aria-controls=\"elementor-tab-content-1383\" aria-expanded=\"false\">\n\t\t\t\t\t\t\t\t\t\t\t\t\t<span class=\"elementor-accordion-icon elementor-accordion-icon-left\" aria-hidden=\"true\">\n\t\t\t\t\t\t\t\t\t\t\t\t\t\t\t<span class=\"elementor-accordion-icon-closed\"><i class=\"fas fa-angle-right\"><\/i><\/span>\n\t\t\t\t\t\t\t\t<span class=\"elementor-accordion-icon-opened\"><i class=\"fas fa-angle-down\"><\/i><\/span>\n\t\t\t\t\t\t\t\t\t\t\t\t\t\t<\/span>\n\t\t\t\t\t\t\t\t\t\t\t\t<a class=\"elementor-accordion-title\" tabindex=\"0\">Instalacje infrastruktury intralogistycznej<\/a>\n\t\t\t\t\t<\/div>\n\t\t\t\t\t<div id=\"elementor-tab-content-1383\" class=\"elementor-tab-content elementor-clearfix\" data-tab=\"3\" role=\"region\" aria-labelledby=\"elementor-tab-title-1383\"><p><span style=\"font-weight: 400;\">Wdra\u017camy systemy transportu wewn\u0119trznego, takie jak przeno\u015bniki, linie rolkowe, systemy podwieszane czy uk\u0142ady automatycznego magazynowania. Nasze rozwi\u0105zania wspieraj\u0105 optymalizacj\u0119 przep\u0142ywu materia\u0142\u00f3w i zwi\u0119kszaj\u0105 efektywno\u015b\u0107 proces\u00f3w logistycznych w zak\u0142adach przemys\u0142owych.<\/span><\/p><\/div>\n\t\t\t\t<\/div>\n\t\t\t\t\t\t\t\t<\/div>\n\t\t\t\t\t\t<\/div>\n\t\t\t\t<\/div>\n\t\t\t\t<div class=\"elementor-element elementor-element-86e7caa elementor-widget-divider--view-line elementor-widget elementor-widget-divider\" data-id=\"86e7caa\" data-element_type=\"widget\" data-e-type=\"widget\" data-widget_type=\"divider.default\">\n\t\t\t\t<div class=\"elementor-widget-container\">\n\t\t\t\t\t\t\t<div class=\"elementor-divider\">\n\t\t\t<span class=\"elementor-divider-separator\">\n\t\t\t\t\t\t<\/span>\n\t\t<\/div>\n\t\t\t\t\t\t<\/div>\n\t\t\t\t<\/div>\n\t\t\t\t<div class=\"elementor-element elementor-element-bb7be8d elementor-widget elementor-widget-heading\" data-id=\"bb7be8d\" data-element_type=\"widget\" data-e-type=\"widget\" data-widget_type=\"heading.default\">\n\t\t\t\t<div class=\"elementor-widget-container\">\n\t\t\t\t\t<h2 class=\"elementor-heading-title elementor-size-default\">Zakres realizowanych dzia\u0142a\u0144<\/h2>\t\t\t\t<\/div>\n\t\t\t\t<\/div>\n\t\t\t\t<div class=\"elementor-element elementor-element-a57af0e elementor-widget elementor-widget-text-editor\" data-id=\"a57af0e\" data-element_type=\"widget\" data-e-type=\"widget\" data-widget_type=\"text-editor.default\">\n\t\t\t\t<div class=\"elementor-widget-container\">\n\t\t\t\t\t\t\t\t\t<p><span style=\"font-weight: 400;\">Podczas wykonywania tego typu zlece\u0144 firma podejmuje szereg dzia\u0142a\u0144, obejmuj\u0105cych:<\/span><\/p><ul><li><span style=\"font-weight: 400;\">Analiz\u0119 i planowanie projektu \u2013 weryfikacja dokumentacji technicznej, przygotowanie harmonogramu prac, koordynacja z dostawcami technologii i klientem,<\/span><\/li><li><span style=\"font-weight: 400;\">Demonta\u017c istniej\u0105cych instalacji \u2013 bezpieczne od\u0142\u0105czenie, rozbi\u00f3rka i przygotowanie maszyn do transportu,<\/span><\/li><li><span style=\"font-weight: 400;\">logistyka \u2013 organizacja przewozu maszyn i element\u00f3w linii, w tym r\u00f3wnie\u017c transport ponadgabarytowy,<\/span><\/li><li><span style=\"font-weight: 400;\">Monta\u017c i instalacj\u0119 \u2013 ustawienie maszyn, wykonanie konstrukcji wsporczych, pod\u0142\u0105czenie element\u00f3w mechanicznych, pneumatycznych i hydraulicznych,<\/span><\/li><li><span style=\"font-weight: 400;\">Integracj\u0119 system\u00f3w \u2013 po\u0142\u0105czenie maszyn w sp\u00f3jny uk\u0142ad produkcyjny oraz instalacj\u0119 element\u00f3w intralogistyki,<\/span><\/li><li><span style=\"font-weight: 400;\">Precyzyjne ustawienia i kalibracj\u0119 \u2013 osiowanie, regulacj\u0119 i pr\u00f3by funkcjonalne maszyn oraz linii,<\/span><\/li><li><span style=\"font-weight: 400;\">Testy i uruchomienie \u2013 sprawdzenie poprawno\u015bci dzia\u0142ania ca\u0142ego systemu i przygotowanie go do produkcji,<\/span><\/li><li><span style=\"font-weight: 400;\">Dokumentacj\u0119 powykonawcz\u0105 \u2013 sporz\u0105dzenie pe\u0142nych protoko\u0142\u00f3w z realizacji i przekazanie klientowi gotowej instalacji,<\/span><\/li><li><span style=\"font-weight: 400;\">Serwis i wsparcie techniczne \u2013 bie\u017c\u0105ce utrzymanie, przegl\u0105dy i modernizacje w trakcie eksploatacji.<\/span><\/li><li><span style=\"font-weight: 400;\">Dzi\u0119ki tak kompleksowemu podej\u015bciu klient otrzymuje pewno\u015b\u0107, \u017ce proces instalacji, relokacji czy wdro\u017cenia infrastruktury intralogistycznej przebiega sprawnie, bezpiecznie i zgodnie z wymaganiami technologicznymi.<\/span><\/li><\/ul>\t\t\t\t\t\t\t\t<\/div>\n\t\t\t\t<\/div>\n\t\t\t\t<\/div>\n\t\t\t\t\t<\/div>\n\t\t\t\t<\/div>\n\t\t\t\t<\/div>\n\t\t","protected":false},"excerpt":{"rendered":"<p>Strona g\u0142\u00f3wna us\u0142ugi Mechanika, kt\u00f3ra nap\u0119dza przemys\u0142 Ka\u017cdy projekt realizujemy z najwy\u017csz\u0105 precyzj\u0105 i dba\u0142o\u015bci\u0105 o szczeg\u00f3\u0142y, aby zapewni\u0107 maksymaln\u0105 efektywno\u015b\u0107 i bezpiecze\u0144stwo. Dzi\u0119ki do\u015bwiadczeniu naszych specjalist\u00f3w wspieramy zar\u00f3wno nowe inwestycje, jak i modernizacje istniej\u0105cych zak\u0142ad\u00f3w, zawsze dostarczaj\u0105c rozwi\u0105zania dopasowane do potrzeb klienta. Skontaktuj si\u0119 z nami Instalacje mechaniczne bez kompromis\u00f3w Instalacje mechaniczne w \u015brodowisku [&hellip;]<\/p>\n","protected":false},"author":1,"featured_media":0,"parent":309,"menu_order":1,"comment_status":"closed","ping_status":"closed","template":"","meta":{"site-sidebar-layout":"no-sidebar","site-content-layout":"page-builder","ast-site-content-layout":"full-width-container","site-content-style":"unboxed","site-sidebar-style":"unboxed","ast-global-header-display":"","ast-banner-title-visibility":"","ast-main-header-display":"","ast-hfb-above-header-display":"","ast-hfb-below-header-display":"","ast-hfb-mobile-header-display":"","site-post-title":"disabled","ast-breadcrumbs-content":"disabled","ast-featured-img":"disabled","footer-sml-layout":"","ast-disable-related-posts":"","theme-transparent-header-meta":"enabled","adv-header-id-meta":"","stick-header-meta":"","header-above-stick-meta":"","header-main-stick-meta":"","header-below-stick-meta":"","astra-migrate-meta-layouts":"set","ast-page-background-enabled":"default","ast-page-background-meta":{"desktop":{"background-color":"var(--ast-global-color-4)","background-image":"","background-repeat":"repeat","background-position":"center center","background-size":"auto","background-attachment":"scroll","background-type":"","background-media":"","overlay-type":"","overlay-color":"","overlay-opacity":"","overlay-gradient":""},"tablet":{"background-color":"","background-image":"","background-repeat":"repeat","background-position":"center center","background-size":"auto","background-attachment":"scroll","background-type":"","background-media":"","overlay-type":"","overlay-color":"","overlay-opacity":"","overlay-gradient":""},"mobile":{"background-color":"","background-image":"","background-repeat":"repeat","background-position":"center center","background-size":"auto","background-attachment":"scroll","background-type":"","background-media":"","overlay-type":"","overlay-color":"","overlay-opacity":"","overlay-gradient":""}},"ast-content-background-meta":{"desktop":{"background-color":"var(--ast-global-color-5)","background-image":"","background-repeat":"repeat","background-position":"center center","background-size":"auto","background-attachment":"scroll","background-type":"","background-media":"","overlay-type":"","overlay-color":"","overlay-opacity":"","overlay-gradient":""},"tablet":{"background-color":"var(--ast-global-color-5)","background-image":"","background-repeat":"repeat","background-position":"center center","background-size":"auto","background-attachment":"scroll","background-type":"","background-media":"","overlay-type":"","overlay-color":"","overlay-opacity":"","overlay-gradient":""},"mobile":{"background-color":"var(--ast-global-color-5)","background-image":"","background-repeat":"repeat","background-position":"center center","background-size":"auto","background-attachment":"scroll","background-type":"","background-media":"","overlay-type":"","overlay-color":"","overlay-opacity":"","overlay-gradient":""}},"footnotes":""},"class_list":["post-2503","page","type-page","status-publish","hentry"],"jetpack_sharing_enabled":true,"_links":{"self":[{"href":"https:\/\/moe-industries.com\/pl_pl\/wp-json\/wp\/v2\/pages\/2503","targetHints":{"allow":["GET"]}}],"collection":[{"href":"https:\/\/moe-industries.com\/pl_pl\/wp-json\/wp\/v2\/pages"}],"about":[{"href":"https:\/\/moe-industries.com\/pl_pl\/wp-json\/wp\/v2\/types\/page"}],"author":[{"embeddable":true,"href":"https:\/\/moe-industries.com\/pl_pl\/wp-json\/wp\/v2\/users\/1"}],"replies":[{"embeddable":true,"href":"https:\/\/moe-industries.com\/pl_pl\/wp-json\/wp\/v2\/comments?post=2503"}],"version-history":[{"count":11,"href":"https:\/\/moe-industries.com\/pl_pl\/wp-json\/wp\/v2\/pages\/2503\/revisions"}],"predecessor-version":[{"id":2554,"href":"https:\/\/moe-industries.com\/pl_pl\/wp-json\/wp\/v2\/pages\/2503\/revisions\/2554"}],"up":[{"embeddable":true,"href":"https:\/\/moe-industries.com\/pl_pl\/wp-json\/wp\/v2\/pages\/309"}],"wp:attachment":[{"href":"https:\/\/moe-industries.com\/pl_pl\/wp-json\/wp\/v2\/media?parent=2503"}],"curies":[{"name":"wp","href":"https:\/\/api.w.org\/{rel}","templated":true}]}}