{"id":2525,"date":"2025-09-17T13:56:32","date_gmt":"2025-09-17T11:56:32","guid":{"rendered":"https:\/\/moe-industries.com\/?page_id=2525"},"modified":"2025-09-17T14:30:58","modified_gmt":"2025-09-17T12:30:58","slug":"instalacje-elektryczne","status":"publish","type":"page","link":"https:\/\/moe-industries.com\/pl_pl\/uslugi\/instalacje-elektryczne\/","title":{"rendered":"Instalacje elektryczne"},"content":{"rendered":"\t\t<div data-elementor-type=\"wp-page\" data-elementor-id=\"2525\" class=\"elementor elementor-2525\" data-elementor-post-type=\"page\">\n\t\t\t\t<div class=\"elementor-element elementor-element-2559b42 e-flex e-con-boxed e-con e-parent\" data-id=\"2559b42\" data-element_type=\"container\" data-e-type=\"container\" data-settings=\"{&quot;background_background&quot;:&quot;video&quot;,&quot;background_video_link&quot;:&quot;https:\\\/\\\/moe-industries.com\\\/wp-content\\\/uploads\\\/2025\\\/09\\\/0_Cables_Networking_1280x720.mp4&quot;,&quot;background_play_on_mobile&quot;:&quot;yes&quot;}\">\n\t\t\t\t\t<div class=\"e-con-inner\">\n\t\t<div class=\"elementor-background-video-container\">\n\t\t\t\t\t\t\t<video class=\"elementor-background-video-hosted\" role=\"presentation\" autoplay muted playsinline loop><\/video>\n\t\t\t\t\t<\/div><div class=\"elementor-element elementor-element-602d5a1 e-con-full e-flex e-con e-child\" data-id=\"602d5a1\" data-element_type=\"container\" data-e-type=\"container\">\n\t\t\t\t<div class=\"elementor-element elementor-element-e13cf34 elementor-widget elementor-widget-spacer\" data-id=\"e13cf34\" data-element_type=\"widget\" data-e-type=\"widget\" data-widget_type=\"spacer.default\">\n\t\t\t\t<div class=\"elementor-widget-container\">\n\t\t\t\t\t\t\t<div class=\"elementor-spacer\">\n\t\t\t<div class=\"elementor-spacer-inner\"><\/div>\n\t\t<\/div>\n\t\t\t\t\t\t<\/div>\n\t\t\t\t<\/div>\n\t\t\t\t<div class=\"elementor-element elementor-element-04407d7 elementor-widget elementor-widget-hfe-breadcrumbs-widget\" data-id=\"04407d7\" data-element_type=\"widget\" data-e-type=\"widget\" data-widget_type=\"hfe-breadcrumbs-widget.default\">\n\t\t\t\t<div class=\"elementor-widget-container\">\n\t\t\t\t\t<nav aria-label=\"Breadcrumb\"><ul class=\"hfe-breadcrumbs hfe-breadcrumbs-show-home\"><li class=\"hfe-breadcrumbs-item hfe-breadcrumbs-first\"><span class=\"hfe-breadcrumbs-home-icon\"><\/span><a href=\"https:\/\/moe-industries.com\/pl_pl\"><span class=\"hfe-breadcrumbs-text\">Strona g\u0142\u00f3wna<\/span><\/a><\/li><\/ul><\/nav>\t\t\t\t<\/div>\n\t\t\t\t<\/div>\n\t\t\t\t<\/div>\n\t\t\t\t\t<\/div>\n\t\t\t\t<\/div>\n\t\t<div class=\"elementor-element elementor-element-6f8b76a e-flex e-con-boxed e-con e-parent\" data-id=\"6f8b76a\" data-element_type=\"container\" data-e-type=\"container\" data-settings=\"{&quot;background_background&quot;:&quot;classic&quot;}\">\n\t\t\t\t\t<div class=\"e-con-inner\">\n\t\t<div class=\"elementor-element elementor-element-e5b8b96 e-con-full e-flex e-con e-child\" data-id=\"e5b8b96\" data-element_type=\"container\" data-e-type=\"container\">\n\t\t<div class=\"elementor-element elementor-element-f5c514f e-con-full e-flex e-con e-child\" data-id=\"f5c514f\" data-element_type=\"container\" data-e-type=\"container\">\n\t\t<div class=\"elementor-element elementor-element-576c268 e-con-full e-flex e-con e-child\" data-id=\"576c268\" data-element_type=\"container\" data-e-type=\"container\">\n\t\t\t\t<div class=\"elementor-element elementor-element-c69c76c elementor-widget-divider--view-line elementor-widget elementor-widget-divider\" data-id=\"c69c76c\" data-element_type=\"widget\" data-e-type=\"widget\" data-widget_type=\"divider.default\">\n\t\t\t\t<div class=\"elementor-widget-container\">\n\t\t\t\t\t\t\t<div class=\"elementor-divider\">\n\t\t\t<span class=\"elementor-divider-separator\">\n\t\t\t\t\t\t<\/span>\n\t\t<\/div>\n\t\t\t\t\t\t<\/div>\n\t\t\t\t<\/div>\n\t\t\t\t<\/div>\n\t\t<div class=\"elementor-element elementor-element-34e5e34 e-con-full e-flex e-con e-child\" data-id=\"34e5e34\" data-element_type=\"container\" data-e-type=\"container\">\n\t\t\t\t<div class=\"elementor-element elementor-element-f040120 elementor-widget elementor-widget-heading\" data-id=\"f040120\" data-element_type=\"widget\" data-e-type=\"widget\" data-widget_type=\"heading.default\">\n\t\t\t\t<div class=\"elementor-widget-container\">\n\t\t\t\t\t<span class=\"elementor-heading-title elementor-size-default\">us\u0142ugi<\/span>\t\t\t\t<\/div>\n\t\t\t\t<\/div>\n\t\t\t\t<\/div>\n\t\t\t\t<\/div>\n\t\t\t\t<div class=\"elementor-element elementor-element-dd8bdc3 elementor-widget elementor-widget-heading\" data-id=\"dd8bdc3\" data-element_type=\"widget\" data-e-type=\"widget\" data-widget_type=\"heading.default\">\n\t\t\t\t<div class=\"elementor-widget-container\">\n\t\t\t\t\t<h2 class=\"elementor-heading-title elementor-size-default\">Bezpieczne zasilanie dla Twojego biznesu<\/h2>\t\t\t\t<\/div>\n\t\t\t\t<\/div>\n\t\t\t\t<div class=\"elementor-element elementor-element-da122be elementor-widget elementor-widget-text-editor\" data-id=\"da122be\" data-element_type=\"widget\" data-e-type=\"widget\" data-widget_type=\"text-editor.default\">\n\t\t\t\t<div class=\"elementor-widget-container\">\n\t\t\t\t\t\t\t\t\tProjektujemy i realizujemy instalacje elektryczne, kt\u00f3re zapewniaj\u0105 stabiln\u0105 prac\u0119 system\u00f3w, wspieraj\u0105c rozw\u00f3j przedsi\u0119biorstw w ca\u0142ej Europie.\t\t\t\t\t\t\t\t<\/div>\n\t\t\t\t<\/div>\n\t\t\t\t<div class=\"elementor-element elementor-element-547184a elementor-widget elementor-widget-button\" data-id=\"547184a\" data-element_type=\"widget\" data-e-type=\"widget\" data-widget_type=\"button.default\">\n\t\t\t\t<div class=\"elementor-widget-container\">\n\t\t\t\t\t\t\t\t\t<div class=\"elementor-button-wrapper\">\n\t\t\t\t\t<a class=\"elementor-button elementor-button-link elementor-size-md\" href=\"https:\/\/moe-industries.com\/kontakt\/\">\n\t\t\t\t\t\t<span class=\"elementor-button-content-wrapper\">\n\t\t\t\t\t\t\t\t\t<span class=\"elementor-button-text\">Skontaktuj si\u0119 z nami<\/span>\n\t\t\t\t\t<\/span>\n\t\t\t\t\t<\/a>\n\t\t\t\t<\/div>\n\t\t\t\t\t\t\t\t<\/div>\n\t\t\t\t<\/div>\n\t\t\t\t<\/div>\n\t\t<div class=\"elementor-element elementor-element-a698c05 e-con-full e-flex e-con e-child\" data-id=\"a698c05\" data-element_type=\"container\" data-e-type=\"container\">\n\t\t\t\t<div class=\"elementor-element elementor-element-1f2dd7d elementor-invisible elementor-widget elementor-widget-image\" data-id=\"1f2dd7d\" data-element_type=\"widget\" data-e-type=\"widget\" data-settings=\"{&quot;_animation&quot;:&quot;fadeInLeft&quot;}\" data-widget_type=\"image.default\">\n\t\t\t\t<div class=\"elementor-widget-container\">\n\t\t\t\t\t\t\t\t\t\t\t\t\t\t\t<img fetchpriority=\"high\" decoding=\"async\" width=\"768\" height=\"562\" src=\"https:\/\/moe-industries.com\/wp-content\/uploads\/2025\/09\/14470732-768x562.jpg\" class=\"attachment-medium_large size-medium_large wp-image-2537\" alt=\"Instalacje elektryczne\" srcset=\"https:\/\/moe-industries.com\/wp-content\/uploads\/2025\/09\/14470732-768x562.jpg 768w, https:\/\/moe-industries.com\/wp-content\/uploads\/2025\/09\/14470732-600x439.jpg 600w, https:\/\/moe-industries.com\/wp-content\/uploads\/2025\/09\/14470732-300x220.jpg 300w, https:\/\/moe-industries.com\/wp-content\/uploads\/2025\/09\/14470732-1024x750.jpg 1024w, https:\/\/moe-industries.com\/wp-content\/uploads\/2025\/09\/14470732.jpg 1500w\" sizes=\"(max-width: 768px) 100vw, 768px\" \/>\t\t\t\t\t\t\t\t\t\t\t\t\t\t\t<\/div>\n\t\t\t\t<\/div>\n\t\t\t\t<\/div>\n\t\t\t\t\t<\/div>\n\t\t\t\t<\/div>\n\t\t<div class=\"elementor-element elementor-element-5e293bd e-flex e-con-boxed e-con e-parent\" data-id=\"5e293bd\" data-element_type=\"container\" data-e-type=\"container\" data-settings=\"{&quot;background_background&quot;:&quot;classic&quot;}\">\n\t\t\t\t\t<div class=\"e-con-inner\">\n\t\t<div class=\"elementor-element elementor-element-bc45aa9 e-con-full e-flex e-con e-child\" data-id=\"bc45aa9\" data-element_type=\"container\" data-e-type=\"container\">\n\t\t\t\t<div class=\"elementor-element elementor-element-69c31f1 elementor-widget-divider--view-line elementor-widget elementor-widget-divider\" data-id=\"69c31f1\" data-element_type=\"widget\" data-e-type=\"widget\" data-widget_type=\"divider.default\">\n\t\t\t\t<div class=\"elementor-widget-container\">\n\t\t\t\t\t\t\t<div class=\"elementor-divider\">\n\t\t\t<span class=\"elementor-divider-separator\">\n\t\t\t\t\t\t<\/span>\n\t\t<\/div>\n\t\t\t\t\t\t<\/div>\n\t\t\t\t<\/div>\n\t\t\t\t<div class=\"elementor-element elementor-element-4da8d93 elementor-widget elementor-widget-heading\" data-id=\"4da8d93\" data-element_type=\"widget\" data-e-type=\"widget\" data-widget_type=\"heading.default\">\n\t\t\t\t<div class=\"elementor-widget-container\">\n\t\t\t\t\t<h2 class=\"elementor-heading-title elementor-size-default\">Instalacje elektryczne w przemy\u015ble \u2013 \u015brednie i niskie napi\u0119cie<\/h2>\t\t\t\t<\/div>\n\t\t\t\t<\/div>\n\t\t\t\t<div class=\"elementor-element elementor-element-1599b66 elementor-widget elementor-widget-text-editor\" data-id=\"1599b66\" data-element_type=\"widget\" data-e-type=\"widget\" data-widget_type=\"text-editor.default\">\n\t\t\t\t<div class=\"elementor-widget-container\">\n\t\t\t\t\t\t\t\t\t<p><span style=\"font-weight: 400;\">Instalacje elektryczne s\u0105 kluczowym elementem infrastruktury ka\u017cdego zak\u0142adu przemys\u0142owego. Odpowiadaj\u0105 za bezpieczne i niezawodne zasilanie maszyn, urz\u0105dze\u0144 oraz system\u00f3w technologicznych, kt\u00f3re zapewniaj\u0105 ci\u0105g\u0142o\u015b\u0107 proces\u00f3w produkcyjnych.<\/span><\/p>\t\t\t\t\t\t\t\t<\/div>\n\t\t\t\t<\/div>\n\t\t\t\t<div class=\"elementor-element elementor-element-51da821 elementor-widget elementor-widget-accordion\" data-id=\"51da821\" data-element_type=\"widget\" data-e-type=\"widget\" data-widget_type=\"accordion.default\">\n\t\t\t\t<div class=\"elementor-widget-container\">\n\t\t\t\t\t\t\t<div class=\"elementor-accordion\">\n\t\t\t\t\t\t\t<div class=\"elementor-accordion-item\">\n\t\t\t\t\t<div id=\"elementor-tab-title-8581\" class=\"elementor-tab-title\" data-tab=\"1\" role=\"button\" aria-controls=\"elementor-tab-content-8581\" aria-expanded=\"false\">\n\t\t\t\t\t\t\t\t\t\t\t\t\t<span class=\"elementor-accordion-icon elementor-accordion-icon-left\" aria-hidden=\"true\">\n\t\t\t\t\t\t\t\t\t\t\t\t\t\t\t<span class=\"elementor-accordion-icon-closed\"><i class=\"fas fa-angle-right\"><\/i><\/span>\n\t\t\t\t\t\t\t\t<span class=\"elementor-accordion-icon-opened\"><i class=\"fas fa-angle-down\"><\/i><\/span>\n\t\t\t\t\t\t\t\t\t\t\t\t\t\t<\/span>\n\t\t\t\t\t\t\t\t\t\t\t\t<a class=\"elementor-accordion-title\" tabindex=\"0\">Instalacje \u015bredniego napi\u0119cia (SN)<\/a>\n\t\t\t\t\t<\/div>\n\t\t\t\t\t<div id=\"elementor-tab-content-8581\" class=\"elementor-tab-content elementor-clearfix\" data-tab=\"1\" role=\"region\" aria-labelledby=\"elementor-tab-title-8581\"><p>Obejmuj\u0105 uk\u0142ady pracuj\u0105ce zazwyczaj w zakresie od 1 kV do 36 kV. W przemy\u015ble wykorzystuje si\u0119 je g\u0142\u00f3wnie do przesy\u0142u energii elektrycznej z sieci energetycznych do zak\u0142ad\u00f3w oraz do zasilania wewn\u0119trznych rozdzielni. Instalacje SN umo\u017cliwiaj\u0105:<\/p><ul><li>efektywny przesy\u0142 du\u017cych mocy,<\/li><li>zasilanie transformator\u00f3w obni\u017caj\u0105cych napi\u0119cie,<\/li><li>bezpiecze\u0144stwo i stabilno\u015b\u0107 dostaw energii.<\/li><\/ul><\/div>\n\t\t\t\t<\/div>\n\t\t\t\t\t\t\t<div class=\"elementor-accordion-item\">\n\t\t\t\t\t<div id=\"elementor-tab-title-8582\" class=\"elementor-tab-title\" data-tab=\"2\" role=\"button\" aria-controls=\"elementor-tab-content-8582\" aria-expanded=\"false\">\n\t\t\t\t\t\t\t\t\t\t\t\t\t<span class=\"elementor-accordion-icon elementor-accordion-icon-left\" aria-hidden=\"true\">\n\t\t\t\t\t\t\t\t\t\t\t\t\t\t\t<span class=\"elementor-accordion-icon-closed\"><i class=\"fas fa-angle-right\"><\/i><\/span>\n\t\t\t\t\t\t\t\t<span class=\"elementor-accordion-icon-opened\"><i class=\"fas fa-angle-down\"><\/i><\/span>\n\t\t\t\t\t\t\t\t\t\t\t\t\t\t<\/span>\n\t\t\t\t\t\t\t\t\t\t\t\t<a class=\"elementor-accordion-title\" tabindex=\"0\">Instalacje niskiego napi\u0119cia (NN)<\/a>\n\t\t\t\t\t<\/div>\n\t\t\t\t\t<div id=\"elementor-tab-content-8582\" class=\"elementor-tab-content elementor-clearfix\" data-tab=\"2\" role=\"region\" aria-labelledby=\"elementor-tab-title-8582\"><p><span style=\"font-weight: 400;\">Dzia\u0142aj\u0105 zwykle w zakresie do 1 kV i stanowi\u0105 podstaw\u0119 dystrybucji energii w obr\u0119bie zak\u0142adu. To one bezpo\u015brednio zasilaj\u0105 linie produkcyjne, o\u015bwietlenie, systemy wentylacji, klimatyzacji czy automatyk\u0119 przemys\u0142ow\u0105. Instalacje NN zapewniaj\u0105:<\/span><\/p><ul><li><span style=\"font-weight: 400;\">elastyczne dopasowanie do potrzeb technologicznych,<\/span><\/li><li><span style=\"font-weight: 400;\">\u0142atwe sterowanie i monitorowanie,<\/span><\/li><li><span style=\"font-weight: 400;\">wysoki poziom bezpiecze\u0144stwa dla pracownik\u00f3w i urz\u0105dze\u0144.<\/span><\/li><\/ul><\/div>\n\t\t\t\t<\/div>\n\t\t\t\t\t\t\t\t<\/div>\n\t\t\t\t\t\t<\/div>\n\t\t\t\t<\/div>\n\t\t\t\t<div class=\"elementor-element elementor-element-aefc462 elementor-widget elementor-widget-text-editor\" data-id=\"aefc462\" data-element_type=\"widget\" data-e-type=\"widget\" data-widget_type=\"text-editor.default\">\n\t\t\t\t<div class=\"elementor-widget-container\">\n\t\t\t\t\t\t\t\t\t<p><span style=\"font-weight: 400;\">Dobrze zaprojektowane i wykonane instalacje elektryczne w zakresie \u015bredniego i niskiego napi\u0119cia to fundament niezawodnej pracy zak\u0142ad\u00f3w przemys\u0142owych. Gwarantuj\u0105 one optymalne wykorzystanie energii, minimalizuj\u0105 ryzyko awarii oraz spe\u0142niaj\u0105 wymogi bezpiecze\u0144stwa i norm technicznych.<\/span><\/p>\t\t\t\t\t\t\t\t<\/div>\n\t\t\t\t<\/div>\n\t\t\t\t<div class=\"elementor-element elementor-element-b1e42b9 elementor-widget-divider--view-line elementor-widget elementor-widget-divider\" data-id=\"b1e42b9\" data-element_type=\"widget\" data-e-type=\"widget\" data-widget_type=\"divider.default\">\n\t\t\t\t<div class=\"elementor-widget-container\">\n\t\t\t\t\t\t\t<div class=\"elementor-divider\">\n\t\t\t<span class=\"elementor-divider-separator\">\n\t\t\t\t\t\t<\/span>\n\t\t<\/div>\n\t\t\t\t\t\t<\/div>\n\t\t\t\t<\/div>\n\t\t\t\t<div class=\"elementor-element elementor-element-111766f elementor-widget elementor-widget-heading\" data-id=\"111766f\" data-element_type=\"widget\" data-e-type=\"widget\" data-widget_type=\"heading.default\">\n\t\t\t\t<div class=\"elementor-widget-container\">\n\t\t\t\t\t<h2 class=\"elementor-heading-title elementor-size-default\">Zakres realizowanych dzia\u0142a\u0144<\/h2>\t\t\t\t<\/div>\n\t\t\t\t<\/div>\n\t\t\t\t<div class=\"elementor-element elementor-element-326b4d2 elementor-widget elementor-widget-text-editor\" data-id=\"326b4d2\" data-element_type=\"widget\" data-e-type=\"widget\" data-widget_type=\"text-editor.default\">\n\t\t\t\t<div class=\"elementor-widget-container\">\n\t\t\t\t\t\t\t\t\t<p><span style=\"font-weight: 400;\">Oferujemy kompleksowe wsparcie w zakresie instalacji elektrycznych SN i NN dla przemys\u0142u, obejmuj\u0105ce:<\/span><\/p><ul><li><span style=\"font-weight: 400;\">Monta\u017c i uruchomienie rozdzielni, transformator\u00f3w oraz sieci kablowych,<\/span><\/li><li><span style=\"font-weight: 400;\">Modernizacj\u0119 istniej\u0105cych instalacji w celu poprawy efektywno\u015bci i bezpiecze\u0144stwa,<\/span><\/li><li><span style=\"font-weight: 400;\">Przegl\u0105dy, pomiary i serwis okresowy instalacji elektrycznych,<\/span><\/li><li><span style=\"font-weight: 400;\">Usuwanie awarii i zapewnienie ci\u0105g\u0142o\u015bci zasilania,<\/span><\/li><li><span style=\"font-weight: 400;\">Automatyzacj\u0119 i integracj\u0119 system\u00f3w sterowania oraz monitoringu energii.<\/span><\/li><\/ul>\t\t\t\t\t\t\t\t<\/div>\n\t\t\t\t<\/div>\n\t\t\t\t<\/div>\n\t\t\t\t\t<\/div>\n\t\t\t\t<\/div>\n\t\t\t\t<\/div>\n\t\t","protected":false},"excerpt":{"rendered":"<p>Strona g\u0142\u00f3wna us\u0142ugi Bezpieczne zasilanie dla Twojego biznesu Projektujemy i realizujemy instalacje elektryczne, kt\u00f3re zapewniaj\u0105 stabiln\u0105 prac\u0119 system\u00f3w, wspieraj\u0105c rozw\u00f3j przedsi\u0119biorstw w ca\u0142ej Europie. Skontaktuj si\u0119 z nami Instalacje elektryczne w przemy\u015ble \u2013 \u015brednie i niskie napi\u0119cie Instalacje elektryczne s\u0105 kluczowym elementem infrastruktury ka\u017cdego zak\u0142adu przemys\u0142owego. Odpowiadaj\u0105 za bezpieczne i niezawodne zasilanie maszyn, urz\u0105dze\u0144 oraz [&hellip;]<\/p>\n","protected":false},"author":1,"featured_media":0,"parent":309,"menu_order":2,"comment_status":"closed","ping_status":"closed","template":"","meta":{"site-sidebar-layout":"no-sidebar","site-content-layout":"page-builder","ast-site-content-layout":"full-width-container","site-content-style":"unboxed","site-sidebar-style":"unboxed","ast-global-header-display":"","ast-banner-title-visibility":"","ast-main-header-display":"","ast-hfb-above-header-display":"","ast-hfb-below-header-display":"","ast-hfb-mobile-header-display":"","site-post-title":"disabled","ast-breadcrumbs-content":"disabled","ast-featured-img":"disabled","footer-sml-layout":"","ast-disable-related-posts":"","theme-transparent-header-meta":"enabled","adv-header-id-meta":"","stick-header-meta":"","header-above-stick-meta":"","header-main-stick-meta":"","header-below-stick-meta":"","astra-migrate-meta-layouts":"set","ast-page-background-enabled":"default","ast-page-background-meta":{"desktop":{"background-color":"var(--ast-global-color-4)","background-image":"","background-repeat":"repeat","background-position":"center center","background-size":"auto","background-attachment":"scroll","background-type":"","background-media":"","overlay-type":"","overlay-color":"","overlay-opacity":"","overlay-gradient":""},"tablet":{"background-color":"","background-image":"","background-repeat":"repeat","background-position":"center center","background-size":"auto","background-attachment":"scroll","background-type":"","background-media":"","overlay-type":"","overlay-color":"","overlay-opacity":"","overlay-gradient":""},"mobile":{"background-color":"","background-image":"","background-repeat":"repeat","background-position":"center center","background-size":"auto","background-attachment":"scroll","background-type":"","background-media":"","overlay-type":"","overlay-color":"","overlay-opacity":"","overlay-gradient":""}},"ast-content-background-meta":{"desktop":{"background-color":"var(--ast-global-color-5)","background-image":"","background-repeat":"repeat","background-position":"center center","background-size":"auto","background-attachment":"scroll","background-type":"","background-media":"","overlay-type":"","overlay-color":"","overlay-opacity":"","overlay-gradient":""},"tablet":{"background-color":"var(--ast-global-color-5)","background-image":"","background-repeat":"repeat","background-position":"center center","background-size":"auto","background-attachment":"scroll","background-type":"","background-media":"","overlay-type":"","overlay-color":"","overlay-opacity":"","overlay-gradient":""},"mobile":{"background-color":"var(--ast-global-color-5)","background-image":"","background-repeat":"repeat","background-position":"center center","background-size":"auto","background-attachment":"scroll","background-type":"","background-media":"","overlay-type":"","overlay-color":"","overlay-opacity":"","overlay-gradient":""}},"footnotes":""},"class_list":["post-2525","page","type-page","status-publish","hentry"],"jetpack_sharing_enabled":true,"_links":{"self":[{"href":"https:\/\/moe-industries.com\/pl_pl\/wp-json\/wp\/v2\/pages\/2525","targetHints":{"allow":["GET"]}}],"collection":[{"href":"https:\/\/moe-industries.com\/pl_pl\/wp-json\/wp\/v2\/pages"}],"about":[{"href":"https:\/\/moe-industries.com\/pl_pl\/wp-json\/wp\/v2\/types\/page"}],"author":[{"embeddable":true,"href":"https:\/\/moe-industries.com\/pl_pl\/wp-json\/wp\/v2\/users\/1"}],"replies":[{"embeddable":true,"href":"https:\/\/moe-industries.com\/pl_pl\/wp-json\/wp\/v2\/comments?post=2525"}],"version-history":[{"count":7,"href":"https:\/\/moe-industries.com\/pl_pl\/wp-json\/wp\/v2\/pages\/2525\/revisions"}],"predecessor-version":[{"id":2540,"href":"https:\/\/moe-industries.com\/pl_pl\/wp-json\/wp\/v2\/pages\/2525\/revisions\/2540"}],"up":[{"embeddable":true,"href":"https:\/\/moe-industries.com\/pl_pl\/wp-json\/wp\/v2\/pages\/309"}],"wp:attachment":[{"href":"https:\/\/moe-industries.com\/pl_pl\/wp-json\/wp\/v2\/media?parent=2525"}],"curies":[{"name":"wp","href":"https:\/\/api.w.org\/{rel}","templated":true}]}}