{"id":2541,"date":"2025-09-17T14:33:40","date_gmt":"2025-09-17T12:33:40","guid":{"rendered":"https:\/\/moe-industries.com\/?page_id=2541"},"modified":"2025-09-17T14:56:06","modified_gmt":"2025-09-17T12:56:06","slug":"instalacje-hvac","status":"publish","type":"page","link":"https:\/\/moe-industries.com\/pl_pl\/uslugi\/instalacje-hvac\/","title":{"rendered":"Instalacje HVAC"},"content":{"rendered":"\t\t<div data-elementor-type=\"wp-page\" data-elementor-id=\"2541\" class=\"elementor elementor-2541\" data-elementor-post-type=\"page\">\n\t\t\t\t<div class=\"elementor-element elementor-element-65314e9 e-flex e-con-boxed e-con e-parent\" data-id=\"65314e9\" data-element_type=\"container\" data-e-type=\"container\" data-settings=\"{&quot;background_background&quot;:&quot;video&quot;,&quot;background_video_link&quot;:&quot;https:\\\/\\\/moe-industries.com\\\/wp-content\\\/uploads\\\/2025\\\/09\\\/1906072_Steam_Factory_1280x720.mp4&quot;,&quot;background_play_on_mobile&quot;:&quot;yes&quot;}\">\n\t\t\t\t\t<div class=\"e-con-inner\">\n\t\t<div class=\"elementor-background-video-container\">\n\t\t\t\t\t\t\t<video class=\"elementor-background-video-hosted\" role=\"presentation\" autoplay muted playsinline loop><\/video>\n\t\t\t\t\t<\/div><div class=\"elementor-element elementor-element-6031fe3 e-con-full e-flex e-con e-child\" data-id=\"6031fe3\" data-element_type=\"container\" data-e-type=\"container\">\n\t\t\t\t<div class=\"elementor-element elementor-element-6c0ff0d elementor-widget elementor-widget-spacer\" data-id=\"6c0ff0d\" data-element_type=\"widget\" data-e-type=\"widget\" data-widget_type=\"spacer.default\">\n\t\t\t\t<div class=\"elementor-widget-container\">\n\t\t\t\t\t\t\t<div class=\"elementor-spacer\">\n\t\t\t<div class=\"elementor-spacer-inner\"><\/div>\n\t\t<\/div>\n\t\t\t\t\t\t<\/div>\n\t\t\t\t<\/div>\n\t\t\t\t<div class=\"elementor-element elementor-element-3d797a7 elementor-widget elementor-widget-hfe-breadcrumbs-widget\" data-id=\"3d797a7\" data-element_type=\"widget\" data-e-type=\"widget\" data-widget_type=\"hfe-breadcrumbs-widget.default\">\n\t\t\t\t<div class=\"elementor-widget-container\">\n\t\t\t\t\t<nav aria-label=\"Breadcrumb\"><ul class=\"hfe-breadcrumbs hfe-breadcrumbs-show-home\"><li class=\"hfe-breadcrumbs-item hfe-breadcrumbs-first\"><span class=\"hfe-breadcrumbs-home-icon\"><\/span><a href=\"https:\/\/moe-industries.com\/pl_pl\"><span class=\"hfe-breadcrumbs-text\">Strona g\u0142\u00f3wna<\/span><\/a><\/li><\/ul><\/nav>\t\t\t\t<\/div>\n\t\t\t\t<\/div>\n\t\t\t\t<\/div>\n\t\t\t\t\t<\/div>\n\t\t\t\t<\/div>\n\t\t<div class=\"elementor-element elementor-element-9b49161 e-flex e-con-boxed e-con e-parent\" data-id=\"9b49161\" data-element_type=\"container\" data-e-type=\"container\" data-settings=\"{&quot;background_background&quot;:&quot;classic&quot;}\">\n\t\t\t\t\t<div class=\"e-con-inner\">\n\t\t<div class=\"elementor-element elementor-element-0511f46 e-con-full e-flex e-con e-child\" data-id=\"0511f46\" data-element_type=\"container\" data-e-type=\"container\">\n\t\t<div class=\"elementor-element elementor-element-4cb459a e-con-full e-flex e-con e-child\" data-id=\"4cb459a\" data-element_type=\"container\" data-e-type=\"container\">\n\t\t<div class=\"elementor-element elementor-element-4873fa0 e-con-full e-flex e-con e-child\" data-id=\"4873fa0\" data-element_type=\"container\" data-e-type=\"container\">\n\t\t\t\t<div class=\"elementor-element elementor-element-46bf2c8 elementor-widget-divider--view-line elementor-widget elementor-widget-divider\" data-id=\"46bf2c8\" data-element_type=\"widget\" data-e-type=\"widget\" data-widget_type=\"divider.default\">\n\t\t\t\t<div class=\"elementor-widget-container\">\n\t\t\t\t\t\t\t<div class=\"elementor-divider\">\n\t\t\t<span class=\"elementor-divider-separator\">\n\t\t\t\t\t\t<\/span>\n\t\t<\/div>\n\t\t\t\t\t\t<\/div>\n\t\t\t\t<\/div>\n\t\t\t\t<\/div>\n\t\t<div class=\"elementor-element elementor-element-0683b61 e-con-full e-flex e-con e-child\" data-id=\"0683b61\" data-element_type=\"container\" data-e-type=\"container\">\n\t\t\t\t<div class=\"elementor-element elementor-element-4f15c41 elementor-widget elementor-widget-heading\" data-id=\"4f15c41\" data-element_type=\"widget\" data-e-type=\"widget\" data-widget_type=\"heading.default\">\n\t\t\t\t<div class=\"elementor-widget-container\">\n\t\t\t\t\t<span class=\"elementor-heading-title elementor-size-default\">us\u0142ugi<\/span>\t\t\t\t<\/div>\n\t\t\t\t<\/div>\n\t\t\t\t<\/div>\n\t\t\t\t<\/div>\n\t\t\t\t<div class=\"elementor-element elementor-element-1dc502a elementor-widget elementor-widget-heading\" data-id=\"1dc502a\" data-element_type=\"widget\" data-e-type=\"widget\" data-widget_type=\"heading.default\">\n\t\t\t\t<div class=\"elementor-widget-container\">\n\t\t\t\t\t<h2 class=\"elementor-heading-title elementor-size-default\">In\u017cynieria komfortu i wydajno\u015bci<\/h2>\t\t\t\t<\/div>\n\t\t\t\t<\/div>\n\t\t\t\t<div class=\"elementor-element elementor-element-df5ed31 elementor-widget elementor-widget-text-editor\" data-id=\"df5ed31\" data-element_type=\"widget\" data-e-type=\"widget\" data-widget_type=\"text-editor.default\">\n\t\t\t\t<div class=\"elementor-widget-container\">\n\t\t\t\t\t\t\t\t\t<p>Projektujemy i montujemy systemy ogrzewania, wentylacji oraz klimatyzacji, kt\u00f3re wspieraj\u0105 stabilno\u015b\u0107 proces\u00f3w przemys\u0142owych. Ka\u017cdy projekt realizujemy z dba\u0142o\u015bci\u0105 o energooszcz\u0119dno\u015b\u0107, komfort i niezawodno\u015b\u0107 dzia\u0142ania.<\/p>\t\t\t\t\t\t\t\t<\/div>\n\t\t\t\t<\/div>\n\t\t\t\t<div class=\"elementor-element elementor-element-ff65f07 elementor-widget elementor-widget-button\" data-id=\"ff65f07\" data-element_type=\"widget\" data-e-type=\"widget\" data-widget_type=\"button.default\">\n\t\t\t\t<div class=\"elementor-widget-container\">\n\t\t\t\t\t\t\t\t\t<div class=\"elementor-button-wrapper\">\n\t\t\t\t\t<a class=\"elementor-button elementor-button-link elementor-size-md\" href=\"https:\/\/moe-industries.com\/kontakt\/\">\n\t\t\t\t\t\t<span class=\"elementor-button-content-wrapper\">\n\t\t\t\t\t\t\t\t\t<span class=\"elementor-button-text\">Skontaktuj si\u0119 z nami<\/span>\n\t\t\t\t\t<\/span>\n\t\t\t\t\t<\/a>\n\t\t\t\t<\/div>\n\t\t\t\t\t\t\t\t<\/div>\n\t\t\t\t<\/div>\n\t\t\t\t<\/div>\n\t\t<div class=\"elementor-element elementor-element-ea83e19 e-con-full e-flex e-con e-child\" data-id=\"ea83e19\" data-element_type=\"container\" data-e-type=\"container\">\n\t\t\t\t<div class=\"elementor-element elementor-element-49e4fcb elementor-invisible elementor-widget elementor-widget-image\" data-id=\"49e4fcb\" data-element_type=\"widget\" data-e-type=\"widget\" data-settings=\"{&quot;_animation&quot;:&quot;fadeInLeft&quot;}\" data-widget_type=\"image.default\">\n\t\t\t\t<div class=\"elementor-widget-container\">\n\t\t\t\t\t\t\t\t\t\t\t\t\t\t\t<img fetchpriority=\"high\" decoding=\"async\" width=\"768\" height=\"512\" src=\"https:\/\/moe-industries.com\/wp-content\/uploads\/2025\/09\/823-768x512.jpg\" class=\"attachment-medium_large size-medium_large wp-image-2555\" alt=\"Instalacje HVAC\" srcset=\"https:\/\/moe-industries.com\/wp-content\/uploads\/2025\/09\/823-768x512.jpg 768w, https:\/\/moe-industries.com\/wp-content\/uploads\/2025\/09\/823-600x400.jpg 600w, https:\/\/moe-industries.com\/wp-content\/uploads\/2025\/09\/823-300x200.jpg 300w, https:\/\/moe-industries.com\/wp-content\/uploads\/2025\/09\/823-1024x683.jpg 1024w, https:\/\/moe-industries.com\/wp-content\/uploads\/2025\/09\/823.jpg 1500w\" sizes=\"(max-width: 768px) 100vw, 768px\" \/>\t\t\t\t\t\t\t\t\t\t\t\t\t\t\t<\/div>\n\t\t\t\t<\/div>\n\t\t\t\t<\/div>\n\t\t\t\t\t<\/div>\n\t\t\t\t<\/div>\n\t\t<div class=\"elementor-element elementor-element-6bc05c7 e-flex e-con-boxed e-con e-parent\" data-id=\"6bc05c7\" data-element_type=\"container\" data-e-type=\"container\" data-settings=\"{&quot;background_background&quot;:&quot;classic&quot;}\">\n\t\t\t\t\t<div class=\"e-con-inner\">\n\t\t<div class=\"elementor-element elementor-element-3621648 e-con-full e-flex e-con e-child\" data-id=\"3621648\" data-element_type=\"container\" data-e-type=\"container\">\n\t\t\t\t<div class=\"elementor-element elementor-element-b763f01 elementor-widget-divider--view-line elementor-widget elementor-widget-divider\" data-id=\"b763f01\" data-element_type=\"widget\" data-e-type=\"widget\" data-widget_type=\"divider.default\">\n\t\t\t\t<div class=\"elementor-widget-container\">\n\t\t\t\t\t\t\t<div class=\"elementor-divider\">\n\t\t\t<span class=\"elementor-divider-separator\">\n\t\t\t\t\t\t<\/span>\n\t\t<\/div>\n\t\t\t\t\t\t<\/div>\n\t\t\t\t<\/div>\n\t\t\t\t<div class=\"elementor-element elementor-element-cfb96be elementor-widget elementor-widget-heading\" data-id=\"cfb96be\" data-element_type=\"widget\" data-e-type=\"widget\" data-widget_type=\"heading.default\">\n\t\t\t\t<div class=\"elementor-widget-container\">\n\t\t\t\t\t<h2 class=\"elementor-heading-title elementor-size-default\">Systemy grzewcze, wentylacyjne i klimatyzacyjne<\/h2>\t\t\t\t<\/div>\n\t\t\t\t<\/div>\n\t\t\t\t<div class=\"elementor-element elementor-element-f1d2a91 elementor-widget elementor-widget-text-editor\" data-id=\"f1d2a91\" data-element_type=\"widget\" data-e-type=\"widget\" data-widget_type=\"text-editor.default\">\n\t\t\t\t<div class=\"elementor-widget-container\">\n\t\t\t\t\t\t\t\t\t<p>HVAC (Heating, Ventilation, Air Conditioning) to systemy odpowiedzialne za ogrzewanie, wentylacj\u0119 i klimatyzacj\u0119 w obiektach przemys\u0142owych. Ich zadaniem jest utrzymanie w\u0142a\u015bciwych warunk\u00f3w pracy maszyn i ludzi \u2013 odpowiedniej temperatury, wilgotno\u015bci, czysto\u015bci powietrza i cyrkulacji. W przemy\u015ble HVAC pe\u0142ni kluczow\u0105 rol\u0119 nie tylko dla komfortu pracownik\u00f3w, ale przede wszystkim dla zapewnienia ci\u0105g\u0142o\u015bci i jako\u015bci proces\u00f3w technologicznych.<\/p>\t\t\t\t\t\t\t\t<\/div>\n\t\t\t\t<\/div>\n\t\t\t\t<div class=\"elementor-element elementor-element-323df14 elementor-widget-divider--view-line elementor-widget elementor-widget-divider\" data-id=\"323df14\" data-element_type=\"widget\" data-e-type=\"widget\" data-widget_type=\"divider.default\">\n\t\t\t\t<div class=\"elementor-widget-container\">\n\t\t\t\t\t\t\t<div class=\"elementor-divider\">\n\t\t\t<span class=\"elementor-divider-separator\">\n\t\t\t\t\t\t<\/span>\n\t\t<\/div>\n\t\t\t\t\t\t<\/div>\n\t\t\t\t<\/div>\n\t\t\t\t<div class=\"elementor-element elementor-element-a29a27e elementor-widget elementor-widget-heading\" data-id=\"a29a27e\" data-element_type=\"widget\" data-e-type=\"widget\" data-widget_type=\"heading.default\">\n\t\t\t\t<div class=\"elementor-widget-container\">\n\t\t\t\t\t<h2 class=\"elementor-heading-title elementor-size-default\">Zakres realizowanych dzia\u0142a\u0144<\/h2>\t\t\t\t<\/div>\n\t\t\t\t<\/div>\n\t\t\t\t<div class=\"elementor-element elementor-element-b0cf424 elementor-widget elementor-widget-text-editor\" data-id=\"b0cf424\" data-element_type=\"widget\" data-e-type=\"widget\" data-widget_type=\"text-editor.default\">\n\t\t\t\t<div class=\"elementor-widget-container\">\n\t\t\t\t\t\t\t\t\t<p>Nasze dzia\u0142ania obejmuj\u0105 kompleksow\u0105 realizacj\u0119 instalacji HVAC w zak\u0142adach przemys\u0142owych, w tym:<\/p><ul><li>Monta\u017c instalacji grzewczych \u2013 kot\u0142\u00f3w, nagrzewnic, promiennik\u00f3w ciep\u0142a oraz rozprowadzenie instalacji rurowych,<\/li><li>Monta\u017c instalacji wentylacyjnych \u2013 kana\u0142\u00f3w, central wentylacyjnych, system\u00f3w filtracji i odzysku ciep\u0142a,<\/li><li>Monta\u017c system\u00f3w klimatyzacyjnych \u2013 urz\u0105dze\u0144 typu split, multi-split, VRF\/VRV oraz central klimatyzacyjnych,<\/li><li>Instalacja uk\u0142ad\u00f3w ch\u0142odzenia procesowego \u2013 chiller\u00f3w, agregat\u00f3w wody lodowej, system\u00f3w do ch\u0142odzenia maszyn i proces\u00f3w technologicznych,<\/li><li>Pod\u0142\u0105czenia hydrauliczne i pneumatyczne \u2013 wykonanie kompletnych uk\u0142ad\u00f3w doprowadzaj\u0105cych media do urz\u0105dze\u0144 HVAC,<\/li><li>Uruchomienie i regulacja system\u00f3w \u2013 kalibracja przep\u0142yw\u00f3w powietrza, r\u00f3wnowa\u017cenie instalacji, ustawienia parametr\u00f3w pracy,<\/li><li>Izolacje termiczne i akustyczne \u2013 zabezpieczenie przewod\u00f3w i urz\u0105dze\u0144 w celu zwi\u0119kszenia efektywno\u015bci i komfortu,<\/li><li>Modernizacje istniej\u0105cych system\u00f3w \u2013 wymiana urz\u0105dze\u0144 na bardziej energooszcz\u0119dne, rozbudowa instalacji o nowe strefy lub linie technologiczne.<\/li><\/ul>\t\t\t\t\t\t\t\t<\/div>\n\t\t\t\t<\/div>\n\t\t\t\t<\/div>\n\t\t\t\t\t<\/div>\n\t\t\t\t<\/div>\n\t\t\t\t<\/div>\n\t\t","protected":false},"excerpt":{"rendered":"<p>Strona g\u0142\u00f3wna us\u0142ugi In\u017cynieria komfortu i wydajno\u015bci Projektujemy i montujemy systemy ogrzewania, wentylacji oraz klimatyzacji, kt\u00f3re wspieraj\u0105 stabilno\u015b\u0107 proces\u00f3w przemys\u0142owych. Ka\u017cdy projekt realizujemy z dba\u0142o\u015bci\u0105 o energooszcz\u0119dno\u015b\u0107, komfort i niezawodno\u015b\u0107 dzia\u0142ania. Skontaktuj si\u0119 z nami Systemy grzewcze, wentylacyjne i klimatyzacyjne HVAC (Heating, Ventilation, Air Conditioning) to systemy odpowiedzialne za ogrzewanie, wentylacj\u0119 i klimatyzacj\u0119 w obiektach [&hellip;]<\/p>\n","protected":false},"author":1,"featured_media":0,"parent":309,"menu_order":3,"comment_status":"closed","ping_status":"closed","template":"","meta":{"site-sidebar-layout":"no-sidebar","site-content-layout":"page-builder","ast-site-content-layout":"full-width-container","site-content-style":"unboxed","site-sidebar-style":"unboxed","ast-global-header-display":"","ast-banner-title-visibility":"","ast-main-header-display":"","ast-hfb-above-header-display":"","ast-hfb-below-header-display":"","ast-hfb-mobile-header-display":"","site-post-title":"disabled","ast-breadcrumbs-content":"disabled","ast-featured-img":"disabled","footer-sml-layout":"","ast-disable-related-posts":"","theme-transparent-header-meta":"enabled","adv-header-id-meta":"","stick-header-meta":"","header-above-stick-meta":"","header-main-stick-meta":"","header-below-stick-meta":"","astra-migrate-meta-layouts":"set","ast-page-background-enabled":"default","ast-page-background-meta":{"desktop":{"background-color":"var(--ast-global-color-4)","background-image":"","background-repeat":"repeat","background-position":"center center","background-size":"auto","background-attachment":"scroll","background-type":"","background-media":"","overlay-type":"","overlay-color":"","overlay-opacity":"","overlay-gradient":""},"tablet":{"background-color":"","background-image":"","background-repeat":"repeat","background-position":"center center","background-size":"auto","background-attachment":"scroll","background-type":"","background-media":"","overlay-type":"","overlay-color":"","overlay-opacity":"","overlay-gradient":""},"mobile":{"background-color":"","background-image":"","background-repeat":"repeat","background-position":"center center","background-size":"auto","background-attachment":"scroll","background-type":"","background-media":"","overlay-type":"","overlay-color":"","overlay-opacity":"","overlay-gradient":""}},"ast-content-background-meta":{"desktop":{"background-color":"var(--ast-global-color-5)","background-image":"","background-repeat":"repeat","background-position":"center center","background-size":"auto","background-attachment":"scroll","background-type":"","background-media":"","overlay-type":"","overlay-color":"","overlay-opacity":"","overlay-gradient":""},"tablet":{"background-color":"var(--ast-global-color-5)","background-image":"","background-repeat":"repeat","background-position":"center center","background-size":"auto","background-attachment":"scroll","background-type":"","background-media":"","overlay-type":"","overlay-color":"","overlay-opacity":"","overlay-gradient":""},"mobile":{"background-color":"var(--ast-global-color-5)","background-image":"","background-repeat":"repeat","background-position":"center center","background-size":"auto","background-attachment":"scroll","background-type":"","background-media":"","overlay-type":"","overlay-color":"","overlay-opacity":"","overlay-gradient":""}},"footnotes":""},"class_list":["post-2541","page","type-page","status-publish","hentry"],"jetpack_sharing_enabled":true,"_links":{"self":[{"href":"https:\/\/moe-industries.com\/pl_pl\/wp-json\/wp\/v2\/pages\/2541","targetHints":{"allow":["GET"]}}],"collection":[{"href":"https:\/\/moe-industries.com\/pl_pl\/wp-json\/wp\/v2\/pages"}],"about":[{"href":"https:\/\/moe-industries.com\/pl_pl\/wp-json\/wp\/v2\/types\/page"}],"author":[{"embeddable":true,"href":"https:\/\/moe-industries.com\/pl_pl\/wp-json\/wp\/v2\/users\/1"}],"replies":[{"embeddable":true,"href":"https:\/\/moe-industries.com\/pl_pl\/wp-json\/wp\/v2\/comments?post=2541"}],"version-history":[{"count":7,"href":"https:\/\/moe-industries.com\/pl_pl\/wp-json\/wp\/v2\/pages\/2541\/revisions"}],"predecessor-version":[{"id":2559,"href":"https:\/\/moe-industries.com\/pl_pl\/wp-json\/wp\/v2\/pages\/2541\/revisions\/2559"}],"up":[{"embeddable":true,"href":"https:\/\/moe-industries.com\/pl_pl\/wp-json\/wp\/v2\/pages\/309"}],"wp:attachment":[{"href":"https:\/\/moe-industries.com\/pl_pl\/wp-json\/wp\/v2\/media?parent=2541"}],"curies":[{"name":"wp","href":"https:\/\/api.w.org\/{rel}","templated":true}]}}