{"id":3,"date":"2025-08-13T09:23:50","date_gmt":"2025-08-13T07:23:50","guid":{"rendered":"http:\/\/moe-industries.com\/?page_id=3"},"modified":"2025-09-23T10:43:58","modified_gmt":"2025-09-23T08:43:58","slug":"polityka-prywatnosci","status":"publish","type":"page","link":"https:\/\/moe-industries.com\/pl_pl\/polityka-prywatnosci\/","title":{"rendered":"Polityka prywatno\u015bci"},"content":{"rendered":"\t\t<div data-elementor-type=\"wp-page\" data-elementor-id=\"3\" class=\"elementor elementor-3\" data-elementor-post-type=\"page\">\n\t\t\t\t<div class=\"elementor-element elementor-element-e5ef163 e-flex e-con-boxed e-con e-parent\" data-id=\"e5ef163\" data-element_type=\"container\" data-e-type=\"container\" data-settings=\"{&quot;background_background&quot;:&quot;video&quot;,&quot;background_video_link&quot;:&quot;https:\\\/\\\/moe-industries.com\\\/wp-content\\\/uploads\\\/2025\\\/09\\\/2213489_Modern_Building_1280x720.mp4&quot;,&quot;background_play_on_mobile&quot;:&quot;yes&quot;,&quot;background_motion_fx_devices&quot;:[&quot;desktop&quot;,&quot;tablet&quot;,&quot;mobile&quot;]}\">\n\t\t\t\t\t<div class=\"e-con-inner\">\n\t\t<div class=\"elementor-background-video-container\">\n\t\t\t\t\t\t\t<video class=\"elementor-background-video-hosted\" role=\"presentation\" autoplay muted playsinline loop><\/video>\n\t\t\t\t\t<\/div><div class=\"elementor-element elementor-element-f015031 e-con-full e-flex e-con e-child\" data-id=\"f015031\" data-element_type=\"container\" data-e-type=\"container\">\n\t\t\t\t<div class=\"elementor-element elementor-element-1ee42df elementor-widget elementor-widget-spacer\" data-id=\"1ee42df\" data-element_type=\"widget\" data-e-type=\"widget\" data-widget_type=\"spacer.default\">\n\t\t\t\t<div class=\"elementor-widget-container\">\n\t\t\t\t\t\t\t<div class=\"elementor-spacer\">\n\t\t\t<div class=\"elementor-spacer-inner\"><\/div>\n\t\t<\/div>\n\t\t\t\t\t\t<\/div>\n\t\t\t\t<\/div>\n\t\t\t\t<div class=\"elementor-element elementor-element-c257d3a elementor-widget elementor-widget-heading\" data-id=\"c257d3a\" data-element_type=\"widget\" data-e-type=\"widget\" data-widget_type=\"heading.default\">\n\t\t\t\t<div class=\"elementor-widget-container\">\n\t\t\t\t\t<h1 class=\"elementor-heading-title elementor-size-default\">Polityka prywatno\u015bci<\/h1>\t\t\t\t<\/div>\n\t\t\t\t<\/div>\n\t\t\t\t<div class=\"elementor-element elementor-element-4a88530 elementor-widget elementor-widget-hfe-breadcrumbs-widget\" data-id=\"4a88530\" data-element_type=\"widget\" data-e-type=\"widget\" data-widget_type=\"hfe-breadcrumbs-widget.default\">\n\t\t\t\t<div class=\"elementor-widget-container\">\n\t\t\t\t\t<nav aria-label=\"Breadcrumb\"><ul class=\"hfe-breadcrumbs hfe-breadcrumbs-show-home\"><li class=\"hfe-breadcrumbs-item hfe-breadcrumbs-first\"><span class=\"hfe-breadcrumbs-home-icon\"><\/span><a href=\"https:\/\/moe-industries.com\/pl_pl\"><span class=\"hfe-breadcrumbs-text\">Strona g\u0142\u00f3wna<\/span><\/a><\/li><\/ul><\/nav>\t\t\t\t<\/div>\n\t\t\t\t<\/div>\n\t\t\t\t<\/div>\n\t\t\t\t\t<\/div>\n\t\t\t\t<\/div>\n\t\t<div class=\"elementor-element elementor-element-77a0f8b7 e-flex e-con-boxed e-con e-parent\" data-id=\"77a0f8b7\" data-element_type=\"container\" data-e-type=\"container\">\n\t\t\t\t\t<div class=\"e-con-inner\">\n\t\t\t\t<div class=\"elementor-element elementor-element-13932da3 elementor-widget elementor-widget-text-editor\" data-id=\"13932da3\" data-element_type=\"widget\" data-e-type=\"widget\" data-widget_type=\"text-editor.default\">\n\t\t\t\t<div class=\"elementor-widget-container\">\n\t\t\t\t\t\t\t\t\t<p><strong>Ostatnia aktualizacja:<\/strong> 2025-09-22<\/p>\t\t\t\t\t\t\t\t<\/div>\n\t\t\t\t<\/div>\n\t\t\t\t<div class=\"elementor-element elementor-element-21506ff elementor-widget elementor-widget-text-editor\" data-id=\"21506ff\" data-element_type=\"widget\" data-e-type=\"widget\" data-widget_type=\"text-editor.default\">\n\t\t\t\t<div class=\"elementor-widget-container\">\n\t\t\t\t\t\t\t\t\t<p><strong>I. Postanowienia og\u00f3lne<\/strong><\/p><ol><li style=\"font-weight: 400;\" aria-level=\"1\"><span style=\"font-weight: 400;\">Administratorem danych osobowych jest MOE Industries Sp. z o.o. z siedzib\u0105 pod adresem: ul. O\u015bwi\u0119cimska 90F, 32-500 Chrzan\u00f3w, Ma\u0142opolskia, wpisana do KRS pod numerem 0001121046, NIP: 6282297148, REGON: 529371103, e-mail kontaktowy: contact@moe-industries.com (\u201eAdministrator\u201d).<\/span><\/li><li style=\"font-weight: 400;\" aria-level=\"1\"><span style=\"font-weight: 400;\">Polityka prywatno\u015bci okre\u015bla zasady przetwarzania i ochrony danych osobowych u\u017cytkownik\u00f3w serwisu internetowego <\/span><a href=\"https:\/\/moe-industries.com\"><span style=\"font-weight: 400;\">https:\/\/moe-industries.com<\/span><\/a><span style=\"font-weight: 400;\">\u00a0 (\u201eSerwis\u201d).<\/span><\/li><\/ol><p><strong>II. Zakres i cel przetwarzania danych<\/strong><\/p><ol><li style=\"font-weight: 400;\" aria-level=\"1\"><span style=\"font-weight: 400;\">Administrator przetwarza dane osobowe u\u017cytkownik\u00f3w w zwi\u0105zku z korzystaniem z Serwisu, w tym:<\/span><ul><li style=\"font-weight: 400;\" aria-level=\"2\"><span style=\"font-weight: 400;\">dane identyfikacyjne i kontaktowe (np. imi\u0119, nazwisko, e-mail),<\/span><\/li><li style=\"font-weight: 400;\" aria-level=\"2\"><span style=\"font-weight: 400;\">dane techniczne dotycz\u0105ce korzystania z Serwisu (np. adres IP, pliki cookies).<\/span><\/li><\/ul><\/li><li style=\"font-weight: 400;\" aria-level=\"1\"><span style=\"font-weight: 400;\">Dane s\u0105 przetwarzane w celu:<\/span><ul><li style=\"font-weight: 400;\" aria-level=\"2\"><span style=\"font-weight: 400;\">obs\u0142ugi zapyta\u0144 i zg\u0142osze\u0144,<\/span><\/li><li style=\"font-weight: 400;\" aria-level=\"2\"><span style=\"font-weight: 400;\">realizacji zawartych um\u00f3w,<\/span><\/li><li style=\"font-weight: 400;\" aria-level=\"2\"><span style=\"font-weight: 400;\">prowadzenia dzia\u0142a\u0144 marketingowych po uzyskaniu stosownej zgody,<\/span><\/li><li style=\"font-weight: 400;\" aria-level=\"2\"><span style=\"font-weight: 400;\">realizacji obowi\u0105zk\u00f3w prawnych Administratora.<\/span><\/li><\/ul><\/li><\/ol><p><strong>III. Podstawy prawne przetwarzania<\/strong><\/p><ol><li style=\"font-weight: 400;\" aria-level=\"1\"><span style=\"font-weight: 400;\">Dane osobowe przetwarzane s\u0105 zgodnie z Rozporz\u0105dzeniem Parlamentu Europejskiego i Rady (UE) 2016\/679 z dnia 27 kwietnia 2016 r. w sprawie ochrony os\u00f3b fizycznych w zwi\u0105zku z przetwarzaniem danych osobowych i w sprawie swobodnego przep\u0142ywu takich danych oraz uchylenia dyrektywy 95\/46\/WE (zwane dalej \u201eRODO\u201d lub \u201eRozporz\u0105dzeniem\u201d)<\/span><\/li><li style=\"font-weight: 400;\" aria-level=\"1\"><span style=\"font-weight: 400;\">Podstaw\u0105 prawn\u0105 przetwarzania jest:<\/span><ul><li style=\"font-weight: 400;\" aria-level=\"2\"><span style=\"font-weight: 400;\">zgoda u\u017cytkownika,<\/span><\/li><li style=\"font-weight: 400;\" aria-level=\"2\"><span style=\"font-weight: 400;\">realizacja umowy,<\/span><\/li><li style=\"font-weight: 400;\" aria-level=\"2\"><span style=\"font-weight: 400;\">wykonanie obowi\u0105zku prawnego,<\/span><\/li><li style=\"font-weight: 400;\" aria-level=\"2\"><span style=\"font-weight: 400;\">prawnie uzasadniony interes Administratora.<\/span><\/li><\/ul><\/li><\/ol><p><strong>IV. Sposoby gromadzenia danych osobowych<\/strong><\/p><ol><li style=\"font-weight: 400;\" aria-level=\"1\"><span style=\"font-weight: 400;\">Administrator gromadzi dane osobowe u\u017cytkownik\u00f3w nast\u0119puj\u0105cymi metodami:<\/span><ul><li style=\"font-weight: 400;\" aria-level=\"2\"><span style=\"font-weight: 400;\">poprzez formularze kontaktowe i rejestracyjne dost\u0119pne w Serwisie,<\/span><\/li><li style=\"font-weight: 400;\" aria-level=\"2\"><span style=\"font-weight: 400;\">przy przesy\u0142aniu zapyta\u0144 ofertowych lub obs\u0142udze zg\u0142osze\u0144 serwisowych,<\/span><\/li><li style=\"font-weight: 400;\" aria-level=\"2\"><span style=\"font-weight: 400;\">podczas korzystania z funkcjonalno\u015bci Serwisu, za po\u015brednictwem automatycznych log\u00f3w serwera (adres IP, informacje o urz\u0105dzeniu, czasie i lokalizacji odwiedzin),<\/span><\/li><li style=\"font-weight: 400;\" aria-level=\"2\"><span style=\"font-weight: 400;\">poprzez pliki cookies, kt\u00f3re zapisuj\u0105 preferencje i dane techniczne u\u017cytkownika.<\/span><\/li><\/ul><\/li><li style=\"font-weight: 400;\" aria-level=\"1\"><span style=\"font-weight: 400;\">Dane mog\u0105 by\u0107 tak\u017ce zbierane w przypadku kontaktu telefonicznego, korespondencji mailowej lub za po\u015brednictwem medi\u00f3w spo\u0142eczno\u015bciowych powi\u0105zanych z dzia\u0142alno\u015bci\u0105 MOE Industries .<\/span><\/li><li style=\"font-weight: 400;\" aria-level=\"1\"><span style=\"font-weight: 400;\">W wyj\u0105tkowych przypadkach dane osobowe mog\u0105 pochodzi\u0107 tak\u017ce z publicznie dost\u0119pnych \u017ar\u00f3de\u0142 i rejestr\u00f3w lub zosta\u0107 udost\u0119pnione przez podmioty trzecie wsp\u00f3\u0142pracuj\u0105ce z MOE Industries (np. w zakresie realizacji zam\u00f3wienia).<\/span><\/li><\/ol><p><strong>V. Udost\u0119pnianie danych osobom trzecim<\/strong><\/p><ol><li style=\"font-weight: 400;\" aria-level=\"1\"><span style=\"font-weight: 400;\">Administrator mo\u017ce udost\u0119pnia\u0107 dane osobowe u\u017cytkownik\u00f3w nast\u0119puj\u0105cym kategoriom odbiorc\u00f3w:<\/span><ul><li style=\"font-weight: 400;\" aria-level=\"2\"><span style=\"font-weight: 400;\">podmiotom \u015bwiadcz\u0105cym us\u0142ugi na rzecz Administratora (np. firmy IT, ksi\u0119gowo\u015b\u0107, operatorzy p\u0142atno\u015bci, firmy kurierskie),<\/span><\/li><li style=\"font-weight: 400;\" aria-level=\"2\"><span style=\"font-weight: 400;\">bankom i organizacjom transportowym, je\u015bli transakcje tego wymagaj\u0105,<\/span><\/li><li style=\"font-weight: 400;\" aria-level=\"2\"><span style=\"font-weight: 400;\">notariuszom, komornikom oraz firmom prawniczym i windykacyjnym, w sytuacjach, gdy umowa lub roszczenia tego wymagaj\u0105,<\/span><\/li><li style=\"font-weight: 400;\" aria-level=\"2\"><span style=\"font-weight: 400;\">firmy \u015bwiadcz\u0105ce us\u0142ugi centr\u00f3w danych, hostingu, chmury, administrowania stronami internetowymi i powi\u0105zane us\u0142ugi, firmy opracowuj\u0105ce, dostarczaj\u0105ce, wspieraj\u0105ce i rozwijaj\u0105ce oprogramowanie, firmy \u015bwiadcz\u0105ce us\u0142ugi infrastruktury IT, firmy \u015bwiadcz\u0105ce us\u0142ugi komunikacyjne,<\/span><\/li><li style=\"font-weight: 400;\" aria-level=\"2\"><span style=\"font-weight: 400;\">podmiotom zajmuj\u0105cym si\u0119 marketingiem i reklam\u0105,<\/span><\/li><li style=\"font-weight: 400;\" aria-level=\"2\"><span style=\"font-weight: 400;\">firmom \u015bwiadcz\u0105cym us\u0142ugi archiwizacji, bezpiecze\u0144stwa oraz zarz\u0105dzania aktywami.<\/span><\/li><li style=\"font-weight: 400;\" aria-level=\"2\"><span style=\"font-weight: 400;\">innym stronom trzecim w zwi\u0105zku ze sprzeda\u017c\u0105, fuzj\u0105, przej\u0119ciem lub reorganizacj\u0105 ca\u0142o\u015bci lub cz\u0119\u015bci naszej dzia\u0142alno\u015bci lub podobnymi zmianami,<\/span><\/li><li style=\"font-weight: 400;\" aria-level=\"2\"><span style=\"font-weight: 400;\">zgodnie z procedurami przewidzianymi przez prawo, do nast\u0119puj\u0105cych organ\u00f3w publicznych: Pa\u0144stwowa Inspekcja Podatkowa, Centrum Rejestr\u00f3w, Sodra, Gie\u0142da Pracy itp,<\/span><\/li><li style=\"font-weight: 400;\" aria-level=\"2\"><span style=\"font-weight: 400;\">organom \u015bcigania, s\u0105dom i organom podatkowym na ich wniosek lub w przypadku podejrzenia pope\u0142nienia przest\u0119pstwa.<\/span><\/li><\/ul><\/li><li style=\"font-weight: 400;\" aria-level=\"1\"><span style=\"font-weight: 400;\">Dane osobowe nie b\u0119d\u0105 przekazywane poza Europejski Obszar Gospodarczy, chyba \u017ce u\u017cytkownik zostanie o tym uprzednio poinformowany i wyrazi zgod\u0119.<\/span><\/li><\/ol><p><strong>VI. Prawa os\u00f3b, kt\u00f3rych dane dotycz\u0105<\/strong><\/p><ol><li style=\"font-weight: 400;\" aria-level=\"1\"><span style=\"font-weight: 400;\">U\u017cytkownik ma prawo do:<\/span><ul><li style=\"font-weight: 400;\" aria-level=\"2\"><span style=\"font-weight: 400;\">dost\u0119pu do swoich danych,<\/span><\/li><li style=\"font-weight: 400;\" aria-level=\"2\"><span style=\"font-weight: 400;\">sprostowania, usuni\u0119cia lub ograniczenia przetwarzania danych,<\/span><\/li><li style=\"font-weight: 400;\" aria-level=\"2\"><span style=\"font-weight: 400;\">przenoszenia danych,<\/span><\/li><li style=\"font-weight: 400;\" aria-level=\"2\"><span style=\"font-weight: 400;\">wniesienia sprzeciwu wobec przetwarzania,<\/span><\/li><li style=\"font-weight: 400;\" aria-level=\"2\"><span style=\"font-weight: 400;\">cofni\u0119cia zgody na przetwarzanie danych osobowych w dowolnym momencie (je\u015bli przetwarzanie opiera si\u0119 na zgodzie),<\/span><\/li><li style=\"font-weight: 400;\" aria-level=\"2\"><span style=\"font-weight: 400;\">odmowy podania swoich danych osobowych, jednak jest to niezb\u0119dne do realizacji cel\u00f3w okre\u015blonych w niniejszej polityce, bez tych danych Administrator mo\u017ce nie by\u0107 w stanie \u015bwiadczy\u0107 okre\u015blonych us\u0142ug.<\/span><\/li><\/ul><\/li><li style=\"font-weight: 400;\" aria-level=\"1\"><span style=\"font-weight: 400;\">W celu realizacji wy\u017cej wymienionych praw mo\u017cna skontaktowa\u0107 si\u0119 z Administratorem pod adresem e-mail: contact@moe-industries.com<\/span><\/li><\/ol><p><strong>VII. Bezpiecze\u0144stwo danych<\/strong><\/p><ol><li style=\"font-weight: 400;\" aria-level=\"1\"><span style=\"font-weight: 400;\">Administrator stosuje odpowiednie \u015brodki bezpiecze\u0144stwa technicznego i organizacyjnego, maj\u0105ce na celu ochron\u0119 danych osobowych przed nieuprawnionym dost\u0119pem, utrat\u0105 czy zniszczeniem.<\/span><\/li><\/ol><p><strong>VIII. Pliki cookies i podobne technologie<\/strong><\/p><ol><li style=\"font-weight: 400;\" aria-level=\"1\"><span style=\"font-weight: 400;\">Serwis wykorzystuje pliki cookies (tzw. ciasteczka), czyli niewielkie pliki tekstowe zapisywane w urz\u0105dzeniu u\u017cytkownika. Pliki te pozwalaj\u0105 na prawid\u0142owe funkcjonowanie Serwisu, zapewnienie bezpiecze\u0144stwa, analiz\u0119 ruchu oraz dostosowanie wy\u015bwietlanych tre\u015bci do preferencji u\u017cytkownika.<\/span><\/li><li style=\"font-weight: 400;\" aria-level=\"1\"><span style=\"font-weight: 400;\">Stosujemy nast\u0119puj\u0105ce rodzaje plik\u00f3w cookie:<\/span><ul><li style=\"font-weight: 400;\" aria-level=\"1\"><b>niezb\u0119dne pliki cookie<\/b><span style=\"font-weight: 400;\"> \u2013 konieczne do prawid\u0142owego dzia\u0142ania strony, umo\u017cliwiaj\u0105ce korzystanie z podstawowych funkcji Serwisu.<\/span><\/li><li style=\"font-weight: 400;\" aria-level=\"1\"><b>funkcjonalne pliki cookie <\/b><span style=\"font-weight: 400;\">\u2013 pozwalaj\u0105 na zapami\u0119tanie wybranych przez u\u017cytkownika ustawie\u0144 i personalizacj\u0119 interfejsu.<\/span><\/li><li style=\"font-weight: 400;\" aria-level=\"1\"><b>analityczne pliki cookie<\/b><span style=\"font-weight: 400;\"> \u2013 wykorzystywane do zbierania informacji o sposobie korzystania z Serwisu (np. liczba odwiedzin, \u017ar\u00f3d\u0142a ruchu), co pomaga poprawia\u0107 jego dzia\u0142anie po uzyskaniu zgody u\u017cytkownika.<\/span><\/li><li style=\"font-weight: 400;\" aria-level=\"1\"><b>marketingowe\/reklamowe pliki cookie <\/b><span style=\"font-weight: 400;\">\u2013 mog\u0105 by\u0107 wykorzystywane po wyra\u017ceniu zgody u\u017cytkownika do wy\u015bwietlania spersonalizowanych reklam oraz analizowania ich skuteczno\u015bci.<\/span><\/li><\/ul><\/li><li><span style=\"font-weight: 400;\">U\u017cytkownik mo\u017ce w ka\u017cdej chwili zarz\u0105dza\u0107 ustawieniami plik\u00f3w cookie poprzez zmian\u0119 ustawie\u0144 swojej przegl\u0105darki internetowej. Wy\u0142\u0105czenie niekt\u00f3rych plik\u00f3w cookie mo\u017ce jednak wp\u0142yn\u0105\u0107 na prawid\u0142owe funkcjonowanie Serwisu.<\/span><\/li><\/ol><p><strong>IX. Zmiany polityki prywatno\u015bci<\/strong><\/p><ol><li style=\"font-weight: 400;\" aria-level=\"1\"><span style=\"font-weight: 400;\">Administrator zastrzega sobie prawo do zmian w niniejszej polityce prywatno\u015bci. O wszelkich zmianach u\u017cytkownicy zostan\u0105 poinformowani w spos\u00f3b widoczny na stronie internetowej.<\/span><\/li><\/ol><p><strong>X. Kontakt<\/strong><\/p><p><span style=\"font-weight: 400;\">W sprawach zwi\u0105zanych z przetwarzaniem danych osobowych prosimy o kontakt pod adresem: contact@moe-industries.com<\/span><\/p>\t\t\t\t\t\t\t\t<\/div>\n\t\t\t\t<\/div>\n\t\t\t\t\t<\/div>\n\t\t\t\t<\/div>\n\t\t\t\t<\/div>\n\t\t","protected":false},"excerpt":{"rendered":"<p>Polityka prywatno\u015bci Strona g\u0142\u00f3wna Ostatnia aktualizacja: 2025-09-22 I. Postanowienia og\u00f3lne Administratorem danych osobowych jest MOE Industries Sp. z o.o. z siedzib\u0105 pod adresem: ul. O\u015bwi\u0119cimska 90F, 32-500 Chrzan\u00f3w, Ma\u0142opolskia, wpisana do KRS pod numerem 0001121046, NIP: 6282297148, REGON: 529371103, e-mail kontaktowy: contact@moe-industries.com (\u201eAdministrator\u201d). Polityka prywatno\u015bci okre\u015bla zasady przetwarzania i ochrony danych osobowych u\u017cytkownik\u00f3w serwisu internetowego [&hellip;]<\/p>\n","protected":false},"author":1,"featured_media":0,"parent":0,"menu_order":0,"comment_status":"closed","ping_status":"open","template":"elementor_header_footer","meta":{"site-sidebar-layout":"no-sidebar","site-content-layout":"","ast-site-content-layout":"full-width-container","site-content-style":"unboxed","site-sidebar-style":"unboxed","ast-global-header-display":"","ast-banner-title-visibility":"","ast-main-header-display":"","ast-hfb-above-header-display":"","ast-hfb-below-header-display":"","ast-hfb-mobile-header-display":"","site-post-title":"disabled","ast-breadcrumbs-content":"disabled","ast-featured-img":"disabled","footer-sml-layout":"","ast-disable-related-posts":"","theme-transparent-header-meta":"enabled","adv-header-id-meta":"","stick-header-meta":"","header-above-stick-meta":"","header-main-stick-meta":"","header-below-stick-meta":"","astra-migrate-meta-layouts":"set","ast-page-background-enabled":"default","ast-page-background-meta":{"desktop":{"background-color":"var(--ast-global-color-4)","background-image":"","background-repeat":"repeat","background-position":"center center","background-size":"auto","background-attachment":"scroll","background-type":"","background-media":"","overlay-type":"","overlay-color":"","overlay-opacity":"","overlay-gradient":""},"tablet":{"background-color":"","background-image":"","background-repeat":"repeat","background-position":"center center","background-size":"auto","background-attachment":"scroll","background-type":"","background-media":"","overlay-type":"","overlay-color":"","overlay-opacity":"","overlay-gradient":""},"mobile":{"background-color":"","background-image":"","background-repeat":"repeat","background-position":"center center","background-size":"auto","background-attachment":"scroll","background-type":"","background-media":"","overlay-type":"","overlay-color":"","overlay-opacity":"","overlay-gradient":""}},"ast-content-background-meta":{"desktop":{"background-color":"var(--ast-global-color-5)","background-image":"","background-repeat":"repeat","background-position":"center center","background-size":"auto","background-attachment":"scroll","background-type":"","background-media":"","overlay-type":"","overlay-color":"","overlay-opacity":"","overlay-gradient":""},"tablet":{"background-color":"var(--ast-global-color-5)","background-image":"","background-repeat":"repeat","background-position":"center center","background-size":"auto","background-attachment":"scroll","background-type":"","background-media":"","overlay-type":"","overlay-color":"","overlay-opacity":"","overlay-gradient":""},"mobile":{"background-color":"var(--ast-global-color-5)","background-image":"","background-repeat":"repeat","background-position":"center center","background-size":"auto","background-attachment":"scroll","background-type":"","background-media":"","overlay-type":"","overlay-color":"","overlay-opacity":"","overlay-gradient":""}},"footnotes":""},"class_list":["post-3","page","type-page","status-publish","hentry"],"jetpack_sharing_enabled":true,"_links":{"self":[{"href":"https:\/\/moe-industries.com\/pl_pl\/wp-json\/wp\/v2\/pages\/3","targetHints":{"allow":["GET"]}}],"collection":[{"href":"https:\/\/moe-industries.com\/pl_pl\/wp-json\/wp\/v2\/pages"}],"about":[{"href":"https:\/\/moe-industries.com\/pl_pl\/wp-json\/wp\/v2\/types\/page"}],"author":[{"embeddable":true,"href":"https:\/\/moe-industries.com\/pl_pl\/wp-json\/wp\/v2\/users\/1"}],"replies":[{"embeddable":true,"href":"https:\/\/moe-industries.com\/pl_pl\/wp-json\/wp\/v2\/comments?post=3"}],"version-history":[{"count":23,"href":"https:\/\/moe-industries.com\/pl_pl\/wp-json\/wp\/v2\/pages\/3\/revisions"}],"predecessor-version":[{"id":2574,"href":"https:\/\/moe-industries.com\/pl_pl\/wp-json\/wp\/v2\/pages\/3\/revisions\/2574"}],"wp:attachment":[{"href":"https:\/\/moe-industries.com\/pl_pl\/wp-json\/wp\/v2\/media?parent=3"}],"curies":[{"name":"wp","href":"https:\/\/api.w.org\/{rel}","templated":true}]}}