{"id":309,"date":"2025-08-26T10:53:33","date_gmt":"2025-08-26T08:53:33","guid":{"rendered":"https:\/\/moe-industries.com\/services\/"},"modified":"2025-09-17T14:35:00","modified_gmt":"2025-09-17T12:35:00","slug":"uslugi","status":"publish","type":"page","link":"https:\/\/moe-industries.com\/pl_pl\/uslugi\/","title":{"rendered":"Us\u0142ugi"},"content":{"rendered":"\t\t<div data-elementor-type=\"wp-page\" data-elementor-id=\"309\" class=\"elementor elementor-309\" data-elementor-post-type=\"page\">\n\t\t\t\t<div class=\"elementor-element elementor-element-f6cab46 e-flex e-con-boxed e-con e-parent\" data-id=\"f6cab46\" data-element_type=\"container\" data-e-type=\"container\" data-settings=\"{&quot;background_background&quot;:&quot;video&quot;,&quot;background_video_link&quot;:&quot;https:\\\/\\\/moe-industries.com\\\/wp-content\\\/uploads\\\/2025\\\/09\\\/0_Businesspark_Warehouse_1280x720.mp4&quot;,&quot;background_play_on_mobile&quot;:&quot;yes&quot;}\">\n\t\t\t\t\t<div class=\"e-con-inner\">\n\t\t<div class=\"elementor-background-video-container\">\n\t\t\t\t\t\t\t<video class=\"elementor-background-video-hosted\" role=\"presentation\" autoplay muted playsinline loop><\/video>\n\t\t\t\t\t<\/div><div class=\"elementor-element elementor-element-6384ace e-con-full e-flex e-con e-child\" data-id=\"6384ace\" data-element_type=\"container\" data-e-type=\"container\">\n\t\t\t\t<div class=\"elementor-element elementor-element-43bfbf7 elementor-widget elementor-widget-spacer\" data-id=\"43bfbf7\" data-element_type=\"widget\" data-e-type=\"widget\" data-widget_type=\"spacer.default\">\n\t\t\t\t<div class=\"elementor-widget-container\">\n\t\t\t\t\t\t\t<div class=\"elementor-spacer\">\n\t\t\t<div class=\"elementor-spacer-inner\"><\/div>\n\t\t<\/div>\n\t\t\t\t\t\t<\/div>\n\t\t\t\t<\/div>\n\t\t\t\t<div class=\"elementor-element elementor-element-d1973e8 elementor-widget elementor-widget-heading\" data-id=\"d1973e8\" data-element_type=\"widget\" data-e-type=\"widget\" data-widget_type=\"heading.default\">\n\t\t\t\t<div class=\"elementor-widget-container\">\n\t\t\t\t\t<h1 class=\"elementor-heading-title elementor-size-default\">Us\u0142ugi<\/h1>\t\t\t\t<\/div>\n\t\t\t\t<\/div>\n\t\t\t\t<div class=\"elementor-element elementor-element-77c0682 elementor-widget elementor-widget-hfe-breadcrumbs-widget\" data-id=\"77c0682\" data-element_type=\"widget\" data-e-type=\"widget\" data-widget_type=\"hfe-breadcrumbs-widget.default\">\n\t\t\t\t<div class=\"elementor-widget-container\">\n\t\t\t\t\t<nav aria-label=\"Breadcrumb\"><ul class=\"hfe-breadcrumbs hfe-breadcrumbs-show-home\"><li class=\"hfe-breadcrumbs-item hfe-breadcrumbs-first\"><span class=\"hfe-breadcrumbs-home-icon\"><\/span><a href=\"https:\/\/moe-industries.com\/pl_pl\"><span class=\"hfe-breadcrumbs-text\">Strona g\u0142\u00f3wna<\/span><\/a><\/li><\/ul><\/nav>\t\t\t\t<\/div>\n\t\t\t\t<\/div>\n\t\t\t\t<\/div>\n\t\t\t\t\t<\/div>\n\t\t\t\t<\/div>\n\t\t<div class=\"elementor-element elementor-element-7db4f9b0 e-flex e-con-boxed e-con e-parent\" data-id=\"7db4f9b0\" data-element_type=\"container\" data-e-type=\"container\" data-settings=\"{&quot;background_background&quot;:&quot;classic&quot;}\">\n\t\t\t\t\t<div class=\"e-con-inner\">\n\t\t<div class=\"elementor-element elementor-element-224d223e e-con-full e-flex e-con e-child\" data-id=\"224d223e\" data-element_type=\"container\" data-e-type=\"container\">\n\t\t\t\t<div class=\"elementor-element elementor-element-fb22356 elementor-widget-divider--view-line elementor-widget elementor-widget-divider\" data-id=\"fb22356\" data-element_type=\"widget\" data-e-type=\"widget\" data-widget_type=\"divider.default\">\n\t\t\t\t<div class=\"elementor-widget-container\">\n\t\t\t\t\t\t\t<div class=\"elementor-divider\">\n\t\t\t<span class=\"elementor-divider-separator\">\n\t\t\t\t\t\t<\/span>\n\t\t<\/div>\n\t\t\t\t\t\t<\/div>\n\t\t\t\t<\/div>\n\t\t\t\t<div class=\"elementor-element elementor-element-18affcfb elementor-widget elementor-widget-heading\" data-id=\"18affcfb\" data-element_type=\"widget\" data-e-type=\"widget\" data-widget_type=\"heading.default\">\n\t\t\t\t<div class=\"elementor-widget-container\">\n\t\t\t\t\t<h2 class=\"elementor-heading-title elementor-size-default\">Instalacje mechaniczne<\/h2>\t\t\t\t<\/div>\n\t\t\t\t<\/div>\n\t\t\t\t<div class=\"elementor-element elementor-element-1ddce80c elementor-widget elementor-widget-text-editor\" data-id=\"1ddce80c\" data-element_type=\"widget\" data-e-type=\"widget\" data-widget_type=\"text-editor.default\">\n\t\t\t\t<div class=\"elementor-widget-container\">\n\t\t\t\t\t\t\t\t\t<p>Zapewniamy najwy\u017cszej jako\u015bci us\u0142ugi w zakresie instalacji maszyn i urz\u0105dze\u0144 przemys\u0142owych, aby zapewni\u0107 optymaln\u0105 wydajno\u015b\u0107 dzia\u0142ania. Nasze us\u0142ugi obejmuj\u0105 instalacje linii procesowych i system\u00f3w intralogistycznych, a tak\u017ce modernizacje istniej\u0105cych zak\u0142ad\u00f3w. Przestrzegamy norm bran\u017cowych i protoko\u0142\u00f3w bezpiecze\u0144stwa, minimalizuj\u0105c ryzyko problem\u00f3w operacyjnych. Jeste\u015bmy zaanga\u017cowani w ka\u017cdy projekt \u2013 od wst\u0119pnej oceny a\u017c po ko\u0144cowe kontrole \u2013 by skutecznie wspiera\u0107 cele produkcyjne naszych klient\u00f3w.<\/p>\t\t\t\t\t\t\t\t<\/div>\n\t\t\t\t<\/div>\n\t\t\t\t<div class=\"elementor-element elementor-element-4212480d elementor-widget elementor-widget-button\" data-id=\"4212480d\" data-element_type=\"widget\" data-e-type=\"widget\" data-widget_type=\"button.default\">\n\t\t\t\t<div class=\"elementor-widget-container\">\n\t\t\t\t\t\t\t\t\t<div class=\"elementor-button-wrapper\">\n\t\t\t\t\t<a class=\"elementor-button elementor-button-link elementor-size-md\" href=\"https:\/\/moe-industries.com\/uslugi\/instalacje-mechaniczne\/\">\n\t\t\t\t\t\t<span class=\"elementor-button-content-wrapper\">\n\t\t\t\t\t\t\t\t\t<span class=\"elementor-button-text\">Wi\u0119cej<\/span>\n\t\t\t\t\t<\/span>\n\t\t\t\t\t<\/a>\n\t\t\t\t<\/div>\n\t\t\t\t\t\t\t\t<\/div>\n\t\t\t\t<\/div>\n\t\t\t\t<\/div>\n\t\t<div class=\"elementor-element elementor-element-0a21ab0 e-con-full e-flex e-con e-child\" data-id=\"0a21ab0\" data-element_type=\"container\" data-e-type=\"container\">\n\t\t\t\t<div class=\"elementor-element elementor-element-5cdead0 elementor-invisible elementor-widget elementor-widget-image\" data-id=\"5cdead0\" data-element_type=\"widget\" data-e-type=\"widget\" data-settings=\"{&quot;_animation&quot;:&quot;fadeInLeft&quot;}\" data-widget_type=\"image.default\">\n\t\t\t\t<div class=\"elementor-widget-container\">\n\t\t\t\t\t\t\t\t\t\t\t\t\t\t\t<img decoding=\"async\" src=\"https:\/\/moe-industries.com\/wp-content\/uploads\/elementor\/thumbs\/Zdjecie-WhatsApp-2025-01-23-o-14.50.12_59dcbd5e-ratluuki4igrp44dj6lz9r3qojvkmpjvr9z5c4xtsk.jpg\" title=\"pracownicy moe\" alt=\"Pracownicy MOE\" loading=\"lazy\" \/>\t\t\t\t\t\t\t\t\t\t\t\t\t\t\t<\/div>\n\t\t\t\t<\/div>\n\t\t\t\t<\/div>\n\t\t\t\t\t<\/div>\n\t\t\t\t<\/div>\n\t\t<div class=\"elementor-element elementor-element-8a05143 e-flex e-con-boxed e-con e-parent\" data-id=\"8a05143\" data-element_type=\"container\" data-e-type=\"container\" data-settings=\"{&quot;background_background&quot;:&quot;classic&quot;}\">\n\t\t\t\t\t<div class=\"e-con-inner\">\n\t\t<div class=\"elementor-element elementor-element-c0a3a74 e-con-full e-flex e-con e-child\" data-id=\"c0a3a74\" data-element_type=\"container\" data-e-type=\"container\">\n\t\t\t\t<div class=\"elementor-element elementor-element-f39d244 elementor-invisible elementor-widget elementor-widget-image\" data-id=\"f39d244\" data-element_type=\"widget\" data-e-type=\"widget\" data-settings=\"{&quot;_animation&quot;:&quot;fadeInRight&quot;}\" data-widget_type=\"image.default\">\n\t\t\t\t<div class=\"elementor-widget-container\">\n\t\t\t\t\t\t\t\t\t\t\t\t\t\t\t<img decoding=\"async\" src=\"https:\/\/moe-industries.com\/wp-content\/uploads\/elementor\/thumbs\/WhatsApp-Image-2025-08-19-at-09.33.09-1-rbn0v8ha0r0u3f3j8yvef3xvht73zz6ksbxgq097sw.jpeg\" title=\"us\u0142ugi elektryczne\" alt=\"Us\u0142ugi elektryczne\" loading=\"lazy\" \/>\t\t\t\t\t\t\t\t\t\t\t\t\t\t\t<\/div>\n\t\t\t\t<\/div>\n\t\t\t\t<\/div>\n\t\t<div class=\"elementor-element elementor-element-b97b4e7 e-con-full e-flex e-con e-child\" data-id=\"b97b4e7\" data-element_type=\"container\" data-e-type=\"container\">\n\t\t\t\t<div class=\"elementor-element elementor-element-7d5d486 elementor-widget-divider--view-line elementor-widget elementor-widget-divider\" data-id=\"7d5d486\" data-element_type=\"widget\" data-e-type=\"widget\" data-widget_type=\"divider.default\">\n\t\t\t\t<div class=\"elementor-widget-container\">\n\t\t\t\t\t\t\t<div class=\"elementor-divider\">\n\t\t\t<span class=\"elementor-divider-separator\">\n\t\t\t\t\t\t<\/span>\n\t\t<\/div>\n\t\t\t\t\t\t<\/div>\n\t\t\t\t<\/div>\n\t\t\t\t<div class=\"elementor-element elementor-element-43b7dbd elementor-widget elementor-widget-heading\" data-id=\"43b7dbd\" data-element_type=\"widget\" data-e-type=\"widget\" data-widget_type=\"heading.default\">\n\t\t\t\t<div class=\"elementor-widget-container\">\n\t\t\t\t\t<h2 class=\"elementor-heading-title elementor-size-default\">Instalacje elektryczne<\/h2>\t\t\t\t<\/div>\n\t\t\t\t<\/div>\n\t\t\t\t<div class=\"elementor-element elementor-element-3d3bd60 elementor-widget elementor-widget-text-editor\" data-id=\"3d3bd60\" data-element_type=\"widget\" data-e-type=\"widget\" data-widget_type=\"text-editor.default\">\n\t\t\t\t<div class=\"elementor-widget-container\">\n\t\t\t\t\t\t\t\t\t<p>Wykonujemy pe\u0142en zakres us\u0142ug elektrycznych, obejmuj\u0105cych instalacje niskiego i \u015bredniego napi\u0119cia. Nasi certyfikowani elektrycy s\u0105 biegli we wdra\u017caniu system\u00f3w elektrycznych zgodnych z najwy\u017cszymi standardami bezpiecze\u0144stwa, prowadz\u0105c projekty od uk\u0142adania tras kablowych, przez pod\u0142\u0105czenia rozdzielnic i system\u00f3w sterowania, a\u017c po testy i uruchomienie instalacji. Koncentrujemy si\u0119 na wydajno\u015bci i niezawodno\u015bci, pomagaj\u0105c utrzyma\u0107 integralno\u015b\u0107 operacji naszych klient\u00f3w.<\/p>\t\t\t\t\t\t\t\t<\/div>\n\t\t\t\t<\/div>\n\t\t\t\t<div class=\"elementor-element elementor-element-2ded0ca elementor-widget elementor-widget-button\" data-id=\"2ded0ca\" data-element_type=\"widget\" data-e-type=\"widget\" data-widget_type=\"button.default\">\n\t\t\t\t<div class=\"elementor-widget-container\">\n\t\t\t\t\t\t\t\t\t<div class=\"elementor-button-wrapper\">\n\t\t\t\t\t<a class=\"elementor-button elementor-button-link elementor-size-md\" href=\"https:\/\/moe-industries.com\/uslugi\/instalacje-elektryczne\/\">\n\t\t\t\t\t\t<span class=\"elementor-button-content-wrapper\">\n\t\t\t\t\t\t\t\t\t<span class=\"elementor-button-text\">Wi\u0119cej<\/span>\n\t\t\t\t\t<\/span>\n\t\t\t\t\t<\/a>\n\t\t\t\t<\/div>\n\t\t\t\t\t\t\t\t<\/div>\n\t\t\t\t<\/div>\n\t\t\t\t<\/div>\n\t\t\t\t\t<\/div>\n\t\t\t\t<\/div>\n\t\t<div class=\"elementor-element elementor-element-6cc771a e-flex e-con-boxed e-con e-parent\" data-id=\"6cc771a\" data-element_type=\"container\" data-e-type=\"container\" data-settings=\"{&quot;background_background&quot;:&quot;classic&quot;}\">\n\t\t\t\t\t<div class=\"e-con-inner\">\n\t\t<div class=\"elementor-element elementor-element-fc4e281 e-con-full e-flex e-con e-child\" data-id=\"fc4e281\" data-element_type=\"container\" data-e-type=\"container\">\n\t\t\t\t<div class=\"elementor-element elementor-element-f6f8c0c elementor-widget-divider--view-line elementor-widget elementor-widget-divider\" data-id=\"f6f8c0c\" data-element_type=\"widget\" data-e-type=\"widget\" data-widget_type=\"divider.default\">\n\t\t\t\t<div class=\"elementor-widget-container\">\n\t\t\t\t\t\t\t<div class=\"elementor-divider\">\n\t\t\t<span class=\"elementor-divider-separator\">\n\t\t\t\t\t\t<\/span>\n\t\t<\/div>\n\t\t\t\t\t\t<\/div>\n\t\t\t\t<\/div>\n\t\t\t\t<div class=\"elementor-element elementor-element-27db0a5 elementor-widget elementor-widget-heading\" data-id=\"27db0a5\" data-element_type=\"widget\" data-e-type=\"widget\" data-widget_type=\"heading.default\">\n\t\t\t\t<div class=\"elementor-widget-container\">\n\t\t\t\t\t<h2 class=\"elementor-heading-title elementor-size-default\">Instalacje HVAC<\/h2>\t\t\t\t<\/div>\n\t\t\t\t<\/div>\n\t\t\t\t<div class=\"elementor-element elementor-element-c449362 elementor-widget elementor-widget-text-editor\" data-id=\"c449362\" data-element_type=\"widget\" data-e-type=\"widget\" data-widget_type=\"text-editor.default\">\n\t\t\t\t<div class=\"elementor-widget-container\">\n\t\t\t\t\t\t\t\t\t<p>Specjalizujemy si\u0119 w dostarczaniu najwy\u017cszej jako\u015bci instalacji HVAC dostosowanych do indywidualnych potrzeb klient\u00f3w oraz specyfiki obiekt\u00f3w przemys\u0142owych. Nasz zesp\u00f3\u0142 realizuje szeroki zakres prac, od monta\u017cu system\u00f3w grzewczych, wentylacyjnych i klimatyzacyjnych, po instalacj\u0119 uk\u0142ad\u00f3w ch\u0142odzenia procesowego oraz pod\u0142\u0105czenia hydrauliczne i pneumatyczne. Poprzez zastosowanie nowoczesnych technologii i wysokiej jako\u015bci sprz\u0119tu zapewniamy wydajne i niezawodne dzia\u0142anie system\u00f3w HVAC.<\/p>\t\t\t\t\t\t\t\t<\/div>\n\t\t\t\t<\/div>\n\t\t\t\t<div class=\"elementor-element elementor-element-a0697a8 elementor-widget elementor-widget-button\" data-id=\"a0697a8\" data-element_type=\"widget\" data-e-type=\"widget\" data-widget_type=\"button.default\">\n\t\t\t\t<div class=\"elementor-widget-container\">\n\t\t\t\t\t\t\t\t\t<div class=\"elementor-button-wrapper\">\n\t\t\t\t\t<a class=\"elementor-button elementor-button-link elementor-size-md\" href=\"https:\/\/moe-industries.com\/uslugi\/instalacje-hvac\/\">\n\t\t\t\t\t\t<span class=\"elementor-button-content-wrapper\">\n\t\t\t\t\t\t\t\t\t<span class=\"elementor-button-text\">Wi\u0119cej<\/span>\n\t\t\t\t\t<\/span>\n\t\t\t\t\t<\/a>\n\t\t\t\t<\/div>\n\t\t\t\t\t\t\t\t<\/div>\n\t\t\t\t<\/div>\n\t\t\t\t<\/div>\n\t\t<div class=\"elementor-element elementor-element-b39517a e-con-full e-flex e-con e-child\" data-id=\"b39517a\" data-element_type=\"container\" data-e-type=\"container\">\n\t\t\t\t<div class=\"elementor-element elementor-element-478fe6a elementor-invisible elementor-widget elementor-widget-image\" data-id=\"478fe6a\" data-element_type=\"widget\" data-e-type=\"widget\" data-settings=\"{&quot;_animation&quot;:&quot;fadeInLeft&quot;}\" data-widget_type=\"image.default\">\n\t\t\t\t<div class=\"elementor-widget-container\">\n\t\t\t\t\t\t\t\t\t\t\t\t\t\t\t<img decoding=\"async\" src=\"https:\/\/moe-industries.com\/wp-content\/uploads\/elementor\/thumbs\/Zdjecie-WhatsApp-2025-01-23-o-13.48.32_8233d5d6-ratu22pmo8lw81aemaolwr4ngaqt8ckvcieant7dhw.jpg\" title=\"pracownicy podczas relokacji\" alt=\"Pracownicy podczas relokacji\" loading=\"lazy\" \/>\t\t\t\t\t\t\t\t\t\t\t\t\t\t\t<\/div>\n\t\t\t\t<\/div>\n\t\t\t\t<\/div>\n\t\t\t\t\t<\/div>\n\t\t\t\t<\/div>\n\t\t<div class=\"elementor-element elementor-element-51ea8a4 e-flex e-con-boxed e-con e-parent\" data-id=\"51ea8a4\" data-element_type=\"container\" data-e-type=\"container\" data-settings=\"{&quot;background_background&quot;:&quot;classic&quot;}\">\n\t\t\t\t\t<div class=\"e-con-inner\">\n\t\t<div class=\"elementor-element elementor-element-745130b e-con-full e-flex e-con e-child\" data-id=\"745130b\" data-element_type=\"container\" data-e-type=\"container\">\n\t\t\t\t<div class=\"elementor-element elementor-element-b40ee52 elementor-invisible elementor-widget elementor-widget-image\" data-id=\"b40ee52\" data-element_type=\"widget\" data-e-type=\"widget\" data-settings=\"{&quot;_animation&quot;:&quot;fadeInRight&quot;}\" data-widget_type=\"image.default\">\n\t\t\t\t<div class=\"elementor-widget-container\">\n\t\t\t\t\t\t\t\t\t\t\t\t\t\t\t<img decoding=\"async\" src=\"https:\/\/moe-industries.com\/wp-content\/uploads\/elementor\/thumbs\/projekty-stoczniowe-1-rayknf0c8ewwqtt4pnyuaxznd1jamc0eb22jej0e14.jpg\" title=\"projekty stoczniowe\" alt=\"Projekty stoczniowe\" loading=\"lazy\" \/>\t\t\t\t\t\t\t\t\t\t\t\t\t\t\t<\/div>\n\t\t\t\t<\/div>\n\t\t\t\t<\/div>\n\t\t<div class=\"elementor-element elementor-element-1746e9a e-con-full e-flex e-con e-child\" data-id=\"1746e9a\" data-element_type=\"container\" data-e-type=\"container\">\n\t\t\t\t<div class=\"elementor-element elementor-element-a9895a1 elementor-widget-divider--view-line elementor-widget elementor-widget-divider\" data-id=\"a9895a1\" data-element_type=\"widget\" data-e-type=\"widget\" data-widget_type=\"divider.default\">\n\t\t\t\t<div class=\"elementor-widget-container\">\n\t\t\t\t\t\t\t<div class=\"elementor-divider\">\n\t\t\t<span class=\"elementor-divider-separator\">\n\t\t\t\t\t\t<\/span>\n\t\t<\/div>\n\t\t\t\t\t\t<\/div>\n\t\t\t\t<\/div>\n\t\t\t\t<div class=\"elementor-element elementor-element-260f213 elementor-widget elementor-widget-heading\" data-id=\"260f213\" data-element_type=\"widget\" data-e-type=\"widget\" data-widget_type=\"heading.default\">\n\t\t\t\t<div class=\"elementor-widget-container\">\n\t\t\t\t\t<h2 class=\"elementor-heading-title elementor-size-default\">Projekty stoczniowe<\/h2>\t\t\t\t<\/div>\n\t\t\t\t<\/div>\n\t\t\t\t<div class=\"elementor-element elementor-element-4754699 elementor-widget elementor-widget-text-editor\" data-id=\"4754699\" data-element_type=\"widget\" data-e-type=\"widget\" data-widget_type=\"text-editor.default\">\n\t\t\t\t<div class=\"elementor-widget-container\">\n\t\t\t\t\t\t\t\t\t<p>W ramach projekt\u00f3w stoczniowych realizujemy demonta\u017c i monta\u017c okablowania na jednostkach p\u0142ywaj\u0105cych, prowadzenie tras kablowych, instalacj\u0119 i pod\u0142\u0105czanie rozdzielnic, a tak\u017ce wykonywanie przepust\u00f3w kablowych. Nasze do\u015bwiadczenie obejmuje projekty w stoczniach w Gda\u0144sku i Wismarze, gdzie zapewniali\u015bmy wsparcie w zakresie instalacji elektrycznych i wsparcia technicznego podczas przebudowy jednostek.<\/p>\t\t\t\t\t\t\t\t<\/div>\n\t\t\t\t<\/div>\n\t\t\t\t<div class=\"elementor-element elementor-element-23ac6a8 elementor-widget elementor-widget-button\" data-id=\"23ac6a8\" data-element_type=\"widget\" data-e-type=\"widget\" data-widget_type=\"button.default\">\n\t\t\t\t<div class=\"elementor-widget-container\">\n\t\t\t\t\t\t\t\t\t<div class=\"elementor-button-wrapper\">\n\t\t\t\t\t<a class=\"elementor-button elementor-button-link elementor-size-sm\" href=\"https:\/\/moe-industries.com\/uslugi\/projekty-stoczniowe\">\n\t\t\t\t\t\t<span class=\"elementor-button-content-wrapper\">\n\t\t\t\t\t\t\t\t\t<span class=\"elementor-button-text\">Wi\u0119cej<\/span>\n\t\t\t\t\t<\/span>\n\t\t\t\t\t<\/a>\n\t\t\t\t<\/div>\n\t\t\t\t\t\t\t\t<\/div>\n\t\t\t\t<\/div>\n\t\t\t\t<\/div>\n\t\t\t\t\t<\/div>\n\t\t\t\t<\/div>\n\t\t\t\t<\/div>\n\t\t","protected":false},"excerpt":{"rendered":"<p>Us\u0142ugi Strona g\u0142\u00f3wna Instalacje mechaniczne Zapewniamy najwy\u017cszej jako\u015bci us\u0142ugi w zakresie instalacji maszyn i urz\u0105dze\u0144 przemys\u0142owych, aby zapewni\u0107 optymaln\u0105 wydajno\u015b\u0107 dzia\u0142ania. Nasze us\u0142ugi obejmuj\u0105 instalacje linii procesowych i system\u00f3w intralogistycznych, a tak\u017ce modernizacje istniej\u0105cych zak\u0142ad\u00f3w. Przestrzegamy norm bran\u017cowych i protoko\u0142\u00f3w bezpiecze\u0144stwa, minimalizuj\u0105c ryzyko problem\u00f3w operacyjnych. Jeste\u015bmy zaanga\u017cowani w ka\u017cdy projekt \u2013 od wst\u0119pnej oceny a\u017c [&hellip;]<\/p>\n","protected":false},"author":1,"featured_media":0,"parent":0,"menu_order":0,"comment_status":"closed","ping_status":"closed","template":"","meta":{"site-sidebar-layout":"no-sidebar","site-content-layout":"page-builder","ast-site-content-layout":"full-width-container","site-content-style":"unboxed","site-sidebar-style":"unboxed","ast-global-header-display":"","ast-banner-title-visibility":"","ast-main-header-display":"","ast-hfb-above-header-display":"","ast-hfb-below-header-display":"","ast-hfb-mobile-header-display":"","site-post-title":"disabled","ast-breadcrumbs-content":"disabled","ast-featured-img":"disabled","footer-sml-layout":"","ast-disable-related-posts":"","theme-transparent-header-meta":"enabled","adv-header-id-meta":"","stick-header-meta":"","header-above-stick-meta":"","header-main-stick-meta":"","header-below-stick-meta":"","astra-migrate-meta-layouts":"set","ast-page-background-enabled":"default","ast-page-background-meta":{"desktop":{"background-color":"var(--ast-global-color-4)","background-image":"","background-repeat":"repeat","background-position":"center center","background-size":"auto","background-attachment":"scroll","background-type":"","background-media":"","overlay-type":"","overlay-color":"","overlay-opacity":"","overlay-gradient":""},"tablet":{"background-color":"","background-image":"","background-repeat":"repeat","background-position":"center center","background-size":"auto","background-attachment":"scroll","background-type":"","background-media":"","overlay-type":"","overlay-color":"","overlay-opacity":"","overlay-gradient":""},"mobile":{"background-color":"","background-image":"","background-repeat":"repeat","background-position":"center center","background-size":"auto","background-attachment":"scroll","background-type":"","background-media":"","overlay-type":"","overlay-color":"","overlay-opacity":"","overlay-gradient":""}},"ast-content-background-meta":{"desktop":{"background-color":"var(--ast-global-color-5)","background-image":"","background-repeat":"repeat","background-position":"center center","background-size":"auto","background-attachment":"scroll","background-type":"","background-media":"","overlay-type":"","overlay-color":"","overlay-opacity":"","overlay-gradient":""},"tablet":{"background-color":"var(--ast-global-color-5)","background-image":"","background-repeat":"repeat","background-position":"center center","background-size":"auto","background-attachment":"scroll","background-type":"","background-media":"","overlay-type":"","overlay-color":"","overlay-opacity":"","overlay-gradient":""},"mobile":{"background-color":"var(--ast-global-color-5)","background-image":"","background-repeat":"repeat","background-position":"center center","background-size":"auto","background-attachment":"scroll","background-type":"","background-media":"","overlay-type":"","overlay-color":"","overlay-opacity":"","overlay-gradient":""}},"footnotes":""},"class_list":["post-309","page","type-page","status-publish","hentry"],"jetpack_sharing_enabled":true,"_links":{"self":[{"href":"https:\/\/moe-industries.com\/pl_pl\/wp-json\/wp\/v2\/pages\/309","targetHints":{"allow":["GET"]}}],"collection":[{"href":"https:\/\/moe-industries.com\/pl_pl\/wp-json\/wp\/v2\/pages"}],"about":[{"href":"https:\/\/moe-industries.com\/pl_pl\/wp-json\/wp\/v2\/types\/page"}],"author":[{"embeddable":true,"href":"https:\/\/moe-industries.com\/pl_pl\/wp-json\/wp\/v2\/users\/1"}],"replies":[{"embeddable":true,"href":"https:\/\/moe-industries.com\/pl_pl\/wp-json\/wp\/v2\/comments?post=309"}],"version-history":[{"count":85,"href":"https:\/\/moe-industries.com\/pl_pl\/wp-json\/wp\/v2\/pages\/309\/revisions"}],"predecessor-version":[{"id":2546,"href":"https:\/\/moe-industries.com\/pl_pl\/wp-json\/wp\/v2\/pages\/309\/revisions\/2546"}],"wp:attachment":[{"href":"https:\/\/moe-industries.com\/pl_pl\/wp-json\/wp\/v2\/media?parent=309"}],"curies":[{"name":"wp","href":"https:\/\/api.w.org\/{rel}","templated":true}]}}